{"id":9379,"date":"2021-12-24T12:49:52","date_gmt":"2021-12-24T10:49:52","guid":{"rendered":"https:\/\/toreco.md\/?post_type=product&#038;p=9379"},"modified":"2026-03-05T16:19:42","modified_gmt":"2026-03-05T14:19:42","slug":"maxx2-magic-detergent-superumectant-universal-manual-automat-de-inalta-performanta","status":"publish","type":"product","link":"https:\/\/toreco.md\/en\/product\/dupa-tip\/detergenti-si-dezinfectanti-profesionali\/curatare-pardoseli-si-suprafete\/maxx2-magic-detergent-superumectant-universal-manual-automat-de-inalta-performanta\/","title":{"rendered":"Maxx2 Magic, concentrated professional super-moistening agent for washing floors"},"content":{"rendered":"<p>Detergent superumectant universal. Produs de \u00eenalt\u0103 performan\u021b\u0103, pentru cur\u0103\u021barea mai multor tipuri de zone, inclusiv industriale. Elimin\u0103 rapid murd\u0103ria \u0219i gr\u0103simea cu spumare redus\u0103 la utilizarea manual\u0103 sau \u00een ma\u0219in\u0103. M\u0103re\u0219te intervalele pentru cur\u0103\u021benia de \u00eentre\u021binere \u0219i ofer\u0103 rezultate expectionale de cur\u0103\u021bare. Zona de utilizare &#8211; spa\u021bii publice.<br \/>\nVolume: 1L<\/p>","protected":false},"excerpt":{"rendered":"<p>For manual, machine maintenance and intensive cleaning of all water resistant surfaces. Ideal for glazed and unglazed ceramic tiles.<\/p>","protected":false},"featured_media":9380,"comment_status":"closed","ping_status":"closed","template":"","meta":[],"product_cat":[79,34,42,44,43,40,41,46],"product_tag":[169],"class_list":["post-9379","product","type-product","status-publish","has-post-thumbnail","hentry","product_cat-curatare-pardoseli-si-suprafete","product_cat-hotel","product_cat-industria-de-producere-si-prelucrare","product_cat-institutii-de-invatamint","product_cat-medicina","product_cat-restaurant-si-bucatarie","product_cat-servicii-de-curatenie","product_cat-sport-si-fitness","product_tag-detergent","pa_brand-ecolab"],"_links":{"self":[{"href":"https:\/\/toreco.md\/en\/wp-json\/wp\/v2\/product\/9379","targetHints":{"allow":["GET"]}}],"collection":[{"href":"https:\/\/toreco.md\/en\/wp-json\/wp\/v2\/product"}],"about":[{"href":"https:\/\/toreco.md\/en\/wp-json\/wp\/v2\/types\/product"}],"replies":[{"embeddable":true,"href":"https:\/\/toreco.md\/en\/wp-json\/wp\/v2\/comments?post=9379"}],"wp:featuredmedia":[{"embeddable":true,"href":"https:\/\/toreco.md\/en\/wp-json\/wp\/v2\/media\/9380"}],"wp:attachment":[{"href":"https:\/\/toreco.md\/en\/wp-json\/wp\/v2\/media?parent=9379"}],"wp:term":[{"taxonomy":"product_cat","embeddable":true,"href":"https:\/\/toreco.md\/en\/wp-json\/wp\/v2\/product_cat?post=9379"},{"taxonomy":"product_tag","embeddable":true,"href":"https:\/\/toreco.md\/en\/wp-json\/wp\/v2\/product_tag?post=9379"}],"curies":[{"name":"wp","href":"https:\/\/api.w.org\/{rel}","templated":true}]}}