{"id":9269,"date":"2021-11-30T14:36:47","date_gmt":"2021-11-30T12:36:47","guid":{"rendered":"https:\/\/toreco.md\/?post_type=product&#038;p=9269"},"modified":"2025-05-27T14:52:32","modified_gmt":"2025-05-27T11:52:32","slug":"presa-de-balotat-verticala-hsm-v-press-860s","status":"publish","type":"product","link":"https:\/\/toreco.md\/en\/product\/dupa-tip\/utilaje-pentru-deseuri\/prese-de-balotat\/presa-de-balotat-verticala-hsm-v-press-860s\/","title":{"rendered":"Vertical baling press HSM V-Press 860 S"},"content":{"rendered":"<p><iframe loading=\"lazy\" width=\"640\" height=\"360\" src=\"https:\/\/www.youtube.com\/embed\/TZ_MzIAoG0A\" title=\"[TORECO]: Presele de balotat HSM\" frameborder=\"0\" allow=\"accelerometer; autoplay; clipboard-write; encrypted-media; gyroscope; picture-in-picture; web-share\" allowfullscreen><\/iframe><\/p>\n<div style=\"width: 640px;\" class=\"wp-video\"><video class=\"wp-video-shortcode\" id=\"video-9269-1\" width=\"640\" height=\"360\" preload=\"metadata\" controls=\"controls\"><source type=\"video\/mp4\" src=\"https:\/\/toreco.md\/wp-content\/uploads\/2021\/11\/baling_press_hsm_v_press_860.mp4?_=1\" \/><a href=\"https:\/\/toreco.md\/wp-content\/uploads\/2021\/11\/baling_press_hsm_v_press_860.mp4\">https:\/\/toreco.md\/wp-content\/uploads\/2021\/11\/baling_press_hsm_v_press_860.mp4<\/a><\/video><\/div>\n<p>The model HSM V-Press 860 S is the perfect machine for the volume reduction of stiff plastics (e.g. monitor and TV set housings) and expanding plastic film.<br \/>\nCamer\u0103 de presare \u00eent\u0103rit\u0103 \u0219i blocare hidraulic\u0103 a u\u0219ii &#8211; deschidere \u0219i \u00eenchidere convenabil\u0103, f\u0103r\u0103 efort manual.<br \/>\nRobust mechanical bale ejector chain.<br \/>\nDouble quantity of retaining claws optimize the compression of the pressing material and reduce the number of loading actions.<br \/>\nThe HSM V-Presses are highly energy efficient thanks to the rapid stroke technology. This saves time and money.<br \/>\nAutomatic start of the pressing process after closing the door.<br \/>\nConvenient membrane keypad with text display, which shows the current status of the machine.<br \/>\nHSM TCS (Torsion Control System) for monitoring press ram movement.<\/p>\n<p>Technical data:<br \/>\nPressing power: 434 kN<br \/>\nSpecific pressing power: 46,37 N\/cm\u00b2<br \/>\nVoltage \/ Frequency: 400 V \/ 50 Hz<br \/>\nBale length x Bale width x Bale height: 1200 x 780 x 1200 mm<br \/>\nDriving power:\t4 kW<br \/>\nWidth x Depth x Height: 1868 x 1076 x 2985 mm<br \/>\nWeight: 2285 kg<br \/>\nNumber of strappings:\t4<br \/>\nPress material:\tPolystyrene, HDPE \/ LDPE hollow containers &amp; plastic bottles, Clothing, Punch waste\/residue, Big Bags, Cardboard, Mixed paper, Plastic film, PET<\/p>\n<p><a href=\"https:\/\/toreco.md\/en\/general\/toreco-devine-distribuitor-autorizat-in-moldova-pentru-brandul-german-hsm\/\"><img decoding=\"async\" src=\"https:\/\/toreco.md\/wp-content\/uploads\/2024\/02\/icon-toreco-distribuitor-autorizat-hsm-germania-moldova.png\" alt=\"Distribuitor Autorizat HSM\" \/><\/a><\/p>","protected":false},"excerpt":{"rendered":"<p>Available to order | <strong>Request offer by email<\/strong><\/p>\n<p>The model HSM V-Press 860 S is the perfect machine for the volume reduction of stiff plastics (e.g. monitor and TV set housings) and expanding plastic film.<\/p>","protected":false},"featured_media":9273,"comment_status":"closed","ping_status":"closed","template":"","meta":[],"product_cat":[108,45,34,42,40,41,107],"product_tag":[202],"class_list":["post-9269","product","type-product","status-publish","has-post-thumbnail","hentry","product_cat-prese-de-balotat","product_cat-industria-auto","product_cat-hotel","product_cat-industria-de-producere-si-prelucrare","product_cat-restaurant-si-bucatarie","product_cat-servicii-de-curatenie","product_cat-utilaje-pentru-deseuri","product_tag-presa-de-balotat","pa_brand-hsm"],"_links":{"self":[{"href":"https:\/\/toreco.md\/en\/wp-json\/wp\/v2\/product\/9269","targetHints":{"allow":["GET"]}}],"collection":[{"href":"https:\/\/toreco.md\/en\/wp-json\/wp\/v2\/product"}],"about":[{"href":"https:\/\/toreco.md\/en\/wp-json\/wp\/v2\/types\/product"}],"replies":[{"embeddable":true,"href":"https:\/\/toreco.md\/en\/wp-json\/wp\/v2\/comments?post=9269"}],"wp:featuredmedia":[{"embeddable":true,"href":"https:\/\/toreco.md\/en\/wp-json\/wp\/v2\/media\/9273"}],"wp:attachment":[{"href":"https:\/\/toreco.md\/en\/wp-json\/wp\/v2\/media?parent=9269"}],"wp:term":[{"taxonomy":"product_cat","embeddable":true,"href":"https:\/\/toreco.md\/en\/wp-json\/wp\/v2\/product_cat?post=9269"},{"taxonomy":"product_tag","embeddable":true,"href":"https:\/\/toreco.md\/en\/wp-json\/wp\/v2\/product_tag?post=9269"}],"curies":[{"name":"wp","href":"https:\/\/api.w.org\/{rel}","templated":true}]}}