{"id":9241,"date":"2021-11-23T12:19:36","date_gmt":"2021-11-23T10:19:36","guid":{"rendered":"https:\/\/toreco.md\/?post_type=product&#038;p=9241"},"modified":"2025-05-27T14:52:36","modified_gmt":"2025-05-27T11:52:36","slug":"presa-de-balotat-verticala-hsm-v-press-820","status":"publish","type":"product","link":"https:\/\/toreco.md\/en\/product\/dupa-tip\/utilaje-pentru-deseuri\/prese-de-balotat\/presa-de-balotat-verticala-hsm-v-press-820\/","title":{"rendered":"Vertical baling press HSM V-press 820"},"content":{"rendered":"<p><iframe loading=\"lazy\" width=\"640\" height=\"360\" src=\"https:\/\/www.youtube.com\/embed\/TZ_MzIAoG0A\" title=\"[TORECO]: Presele de balotat HSM\" frameborder=\"0\" allow=\"accelerometer; autoplay; clipboard-write; encrypted-media; gyroscope; picture-in-picture; web-share\" allowfullscreen><\/iframe><\/p>\n<div style=\"width: 800px;\" class=\"wp-video\"><video class=\"wp-video-shortcode\" id=\"video-9241-1\" width=\"800\" height=\"450\" preload=\"metadata\" controls=\"controls\"><source type=\"video\/mp4\" src=\"https:\/\/toreco.md\/wp-content\/uploads\/2021\/11\/Baling-Press-HSM-V-Press-820.mp4?_=1\" \/><a href=\"https:\/\/toreco.md\/wp-content\/uploads\/2021\/11\/Baling-Press-HSM-V-Press-820.mp4\">https:\/\/toreco.md\/wp-content\/uploads\/2021\/11\/Baling-Press-HSM-V-Press-820.mp4<\/a><\/video><\/div>\n<p>Thanks to its powerful motor, its ergonomic design and its sophisticated and innovative technology, the HSM V-Press 820 combines all of the advantages of a baling press into one machine.<br \/>\nQuick and easy installation due to crossed cylinders.<br \/>\nBlocare u\u0219\u0103 roat\u0103 manual\u0103 &#8211; u\u0219or de manevrat datorit\u0103 filetului contra-rotativ pentru deschidere \u0219i \u00eenchidere rapid\u0103.<br \/>\nSuitable for cardboard as well as film.<br \/>\nAutomatic start of the pressing process after closing the door.<br \/>\nConvenient membrane keypad with text display, which shows the current status of the machine.<br \/>\nHSM TCS (Torsion Control System) for monitoring press ram movement.<br \/>\nBale strapping with polyester tape.<\/p>\n<p>Technical data:<br \/>\nPressing power: 178 kN<br \/>\nSpecific pressing power: 19,23 N\/cm\u00b2<br \/>\nVoltage \/ Frequency: 400 V \/ 50 Hz<br \/>\nBale length x Bale width x Bale height: 1200 x 780 x 1000 mm<br \/>\nDriving power:\t4 kW<br \/>\nWidth x Depth x Height: 1700 x 1075 x 2499 mm<br \/>\nWeight: 1300 kg<br \/>\nNumber of strappings:\t4<br \/>\nPress material:\tPunch waste\/residue, Cardboard, Mixed paper, Plastic film<\/p>\n<p><a href=\"https:\/\/toreco.md\/en\/general\/toreco-devine-distribuitor-autorizat-in-moldova-pentru-brandul-german-hsm\/\"><img decoding=\"async\" src=\"https:\/\/toreco.md\/wp-content\/uploads\/2024\/02\/icon-toreco-distribuitor-autorizat-hsm-germania-moldova.png\" alt=\"Distribuitor Autorizat HSM\" \/><\/a><\/p>","protected":false},"excerpt":{"rendered":"<p>Available to order | <strong>Request offer by email<\/strong><\/p>\n<p>Thanks to its powerful motor, its ergonomic design and its sophisticated and innovative technology, the HSM V-Press 820 combines all of the advantages of a baling press into one machine.<\/p>","protected":false},"featured_media":9244,"comment_status":"closed","ping_status":"closed","template":"","meta":[],"product_cat":[108,45,34,42,40,41,107],"product_tag":[202],"class_list":["post-9241","product","type-product","status-publish","has-post-thumbnail","hentry","product_cat-prese-de-balotat","product_cat-industria-auto","product_cat-hotel","product_cat-industria-de-producere-si-prelucrare","product_cat-restaurant-si-bucatarie","product_cat-servicii-de-curatenie","product_cat-utilaje-pentru-deseuri","product_tag-presa-de-balotat","pa_brand-hsm"],"_links":{"self":[{"href":"https:\/\/toreco.md\/en\/wp-json\/wp\/v2\/product\/9241","targetHints":{"allow":["GET"]}}],"collection":[{"href":"https:\/\/toreco.md\/en\/wp-json\/wp\/v2\/product"}],"about":[{"href":"https:\/\/toreco.md\/en\/wp-json\/wp\/v2\/types\/product"}],"replies":[{"embeddable":true,"href":"https:\/\/toreco.md\/en\/wp-json\/wp\/v2\/comments?post=9241"}],"wp:featuredmedia":[{"embeddable":true,"href":"https:\/\/toreco.md\/en\/wp-json\/wp\/v2\/media\/9244"}],"wp:attachment":[{"href":"https:\/\/toreco.md\/en\/wp-json\/wp\/v2\/media?parent=9241"}],"wp:term":[{"taxonomy":"product_cat","embeddable":true,"href":"https:\/\/toreco.md\/en\/wp-json\/wp\/v2\/product_cat?post=9241"},{"taxonomy":"product_tag","embeddable":true,"href":"https:\/\/toreco.md\/en\/wp-json\/wp\/v2\/product_tag?post=9241"}],"curies":[{"name":"wp","href":"https:\/\/api.w.org\/{rel}","templated":true}]}}