{"id":9235,"date":"2021-11-23T11:53:14","date_gmt":"2021-11-23T09:53:14","guid":{"rendered":"https:\/\/toreco.md\/?post_type=product&#038;p=9235"},"modified":"2025-05-27T14:52:41","modified_gmt":"2025-05-27T11:52:41","slug":"presa-de-balotat-hsm-v-press-610","status":"publish","type":"product","link":"https:\/\/toreco.md\/en\/product\/dupa-tip\/utilaje-pentru-deseuri\/prese-de-balotat\/presa-de-balotat-hsm-v-press-610\/","title":{"rendered":"Baling press HSM V-Press 610"},"content":{"rendered":"<p><iframe loading=\"lazy\" width=\"640\" height=\"360\" src=\"https:\/\/www.youtube.com\/embed\/TZ_MzIAoG0A\" title=\"[TORECO]: Presele de balotat HSM\" frameborder=\"0\" allow=\"accelerometer; autoplay; clipboard-write; encrypted-media; gyroscope; picture-in-picture; web-share\" allowfullscreen><\/iframe><\/p>\n<p>Blocare u\u0219\u0103 roat\u0103 manual\u0103 &#8211; u\u0219or de manevrat datorit\u0103 filetului contra-rotativ pentru deschidere \u0219i \u00eenchidere rapid\u0103.<br \/>\nSpecial retaining claws optimize the compression of the pressing material and reduce the number of loading actions.<br \/>\nSuitable for cardboard as well as film.<br \/>\nAutomatic start of the pressing process after closing the door.<br \/>\nTo fill the press, the upper half of the doors is swung to the right.<br \/>\nConvenient membrane keypad with text display, which shows the current status of the machine.<br \/>\nHSM TCS (Torsion Control System) for monitoring press ram movement.<br \/>\nBale strapping with polyester tape.<\/p>\n<p>Technical data:<br \/>\nPressing power: 120 kN<br \/>\nSpecific pressing power: 25 N\/cm\u00b2<br \/>\nVoltage \/ Frequency: 400 V \/ 50 Hz<br \/>\nBale length x Bale width x Bale height: 800 x 600 x 600 mm<br \/>\nDriving power:\t3 kW<br \/>\nWidth x Depth x Height: 1198 x 823 x 1986 mm<br \/>\nWeight: 540 kg<br \/>\nNumber of strappings: 3<br \/>\nPress material:\tPunch waste\/residue, Cardboard, Mixed paper, Plastic film<\/p>\n<p><a href=\"https:\/\/toreco.md\/en\/general\/toreco-devine-distribuitor-autorizat-in-moldova-pentru-brandul-german-hsm\/\"><img decoding=\"async\" src=\"https:\/\/toreco.md\/wp-content\/uploads\/2024\/02\/icon-toreco-distribuitor-autorizat-hsm-germania-moldova.png\" alt=\"Distribuitor Autorizat HSM\" \/><\/a><\/p>","protected":false},"excerpt":{"rendered":"<p>Available to order | <strong>Request offer by email<\/strong><\/p>\n<p>The HSM V-Press 610 reduces the volume of cardboard or foils in an economical way. <\/p>","protected":false},"featured_media":9240,"comment_status":"closed","ping_status":"closed","template":"","meta":[],"product_cat":[108,45,34,42,40,41,107],"product_tag":[202],"class_list":["post-9235","product","type-product","status-publish","has-post-thumbnail","hentry","product_cat-prese-de-balotat","product_cat-industria-auto","product_cat-hotel","product_cat-industria-de-producere-si-prelucrare","product_cat-restaurant-si-bucatarie","product_cat-servicii-de-curatenie","product_cat-utilaje-pentru-deseuri","product_tag-presa-de-balotat","pa_brand-hsm"],"_links":{"self":[{"href":"https:\/\/toreco.md\/en\/wp-json\/wp\/v2\/product\/9235","targetHints":{"allow":["GET"]}}],"collection":[{"href":"https:\/\/toreco.md\/en\/wp-json\/wp\/v2\/product"}],"about":[{"href":"https:\/\/toreco.md\/en\/wp-json\/wp\/v2\/types\/product"}],"replies":[{"embeddable":true,"href":"https:\/\/toreco.md\/en\/wp-json\/wp\/v2\/comments?post=9235"}],"wp:featuredmedia":[{"embeddable":true,"href":"https:\/\/toreco.md\/en\/wp-json\/wp\/v2\/media\/9240"}],"wp:attachment":[{"href":"https:\/\/toreco.md\/en\/wp-json\/wp\/v2\/media?parent=9235"}],"wp:term":[{"taxonomy":"product_cat","embeddable":true,"href":"https:\/\/toreco.md\/en\/wp-json\/wp\/v2\/product_cat?post=9235"},{"taxonomy":"product_tag","embeddable":true,"href":"https:\/\/toreco.md\/en\/wp-json\/wp\/v2\/product_tag?post=9235"}],"curies":[{"name":"wp","href":"https:\/\/api.w.org\/{rel}","templated":true}]}}