{"id":9207,"date":"2021-11-11T11:30:48","date_gmt":"2021-11-11T09:30:48","guid":{"rendered":"https:\/\/toreco.md\/?post_type=product&#038;p=9207"},"modified":"2025-06-05T07:11:30","modified_gmt":"2025-06-05T04:11:30","slug":"presa-de-balotat-mobila-hsm-v-press-60","status":"publish","type":"product","link":"https:\/\/toreco.md\/en\/product\/dupa-tip\/utilaje-pentru-deseuri\/prese-de-balotat\/presa-de-balotat-mobila-hsm-v-press-60\/","title":{"rendered":"The mobile baling press HSM V-Press 60"},"content":{"rendered":"<p><iframe loading=\"lazy\" width=\"1034\" height=\"360\" src=\"https:\/\/www.youtube.com\/embed\/TZ_MzIAoG0A\" title=\"[TORECO]: Presele de balotat HSM\" frameborder=\"0\" allow=\"accelerometer; autoplay; clipboard-write; encrypted-media; gyroscope; picture-in-picture; web-share\" allowfullscreen><\/iframe><\/p>\n<p>The mobile baling press HSM V-Press 60 compresses plastic film and lightweight packaging material right where the material is.<br \/>\nThe HSM V-Press 60 compresses plastic foils, plastic and paper bags as well as lightweight boxes and packing paper<br \/>\nThe lever action allows the HSM V-Press 60 to produce well-compressed, stackable bales.<br \/>\nDoes not need any electricity, servicing or maintenance.<br \/>\nEffortless to operate with a minimum amount of strength.<br \/>\nMove the HSM V-Press 60 to where the waste is produced. It fi ts through every door and in every lift.<br \/>\nThe bales of approx. 40 kg can be stacked and are easy to transport.<br \/>\nThe used packing material is fed into the HSM V-Press 60 immediately after unpacking and does not need to be transported to interim storage.<br \/>\nBales produced can be re-pressed in hydraulic HSM baling presses i.e. compressed into denser and larger bales.<br \/>\nBetter truck loading with HSM bales, and fewer trips by truck as a result.<br \/>\nAc\u021biunea p\u00e2rghiei permite HSM V-Press 60 s\u0103 produc\u0103 baloti bine comprima\u021bi, stivuibili &#8211; compresie 5:1 \u0219i mai mult.<\/p>\n<p><iframe loading=\"lazy\" width=\"1034\" height=\"360\" src=\"https:\/\/www.youtube.com\/embed\/jnQR31TonZ0\" title=\"Mobile, manuelle Ballenpresse HSM V-Press 60 \u2013 Kurzfilm \/ Mobile Baling Press HSM V-Press 60 Trailer\" frameborder=\"0\" allow=\"accelerometer; autoplay; clipboard-write; encrypted-media; gyroscope; picture-in-picture; web-share\" referrerpolicy=\"strict-origin-when-cross-origin\" allowfullscreen><\/iframe><\/p>\n<p>Technical data:<br \/>\nLoading height: 1015 mm<br \/>\nBale length x Bale width x Bale height: 800 x 600 x 800 mm<br \/>\nBale weight (up to): 40 kg<br \/>\nWidth x Depth x Height: 810 x 735 x 1280 mm<br \/>\nWeight: 95 kg<br \/>\nMethod of strapping: Cross strapping<br \/>\nNumber of strappings: 3<br \/>\nType of consumables: Twine<br \/>\nPress material: Plastic film<\/p>\n<p><a href=\"https:\/\/toreco.md\/en\/general\/toreco-devine-distribuitor-autorizat-in-moldova-pentru-brandul-german-hsm\/\"><img decoding=\"async\" src=\"https:\/\/toreco.md\/wp-content\/uploads\/2024\/02\/icon-toreco-distribuitor-autorizat-hsm-germania-moldova.png\" alt=\"Distribuitor Autorizat HSM\" \/><\/a><\/p>","protected":false},"excerpt":{"rendered":"<p>Available to order | <strong>Request offer by email<\/strong><\/p>\n<p>The mobile baling press HSM V-Press 60 compresses plastic film and lightweight packaging material right where the material is.<br \/>\nThe HSM V-Press 60 compresses plastic foils, plastic and paper bags as well as lightweight boxes and packing paper<\/p>","protected":false},"featured_media":9209,"comment_status":"closed","ping_status":"closed","template":"","meta":[],"product_cat":[108,45,34,42,40,41,107],"product_tag":[202],"class_list":["post-9207","product","type-product","status-publish","has-post-thumbnail","hentry","product_cat-prese-de-balotat","product_cat-industria-auto","product_cat-hotel","product_cat-industria-de-producere-si-prelucrare","product_cat-restaurant-si-bucatarie","product_cat-servicii-de-curatenie","product_cat-utilaje-pentru-deseuri","product_tag-presa-de-balotat","pa_brand-hsm"],"_links":{"self":[{"href":"https:\/\/toreco.md\/en\/wp-json\/wp\/v2\/product\/9207","targetHints":{"allow":["GET"]}}],"collection":[{"href":"https:\/\/toreco.md\/en\/wp-json\/wp\/v2\/product"}],"about":[{"href":"https:\/\/toreco.md\/en\/wp-json\/wp\/v2\/types\/product"}],"replies":[{"embeddable":true,"href":"https:\/\/toreco.md\/en\/wp-json\/wp\/v2\/comments?post=9207"}],"wp:featuredmedia":[{"embeddable":true,"href":"https:\/\/toreco.md\/en\/wp-json\/wp\/v2\/media\/9209"}],"wp:attachment":[{"href":"https:\/\/toreco.md\/en\/wp-json\/wp\/v2\/media?parent=9207"}],"wp:term":[{"taxonomy":"product_cat","embeddable":true,"href":"https:\/\/toreco.md\/en\/wp-json\/wp\/v2\/product_cat?post=9207"},{"taxonomy":"product_tag","embeddable":true,"href":"https:\/\/toreco.md\/en\/wp-json\/wp\/v2\/product_tag?post=9207"}],"curies":[{"name":"wp","href":"https:\/\/api.w.org\/{rel}","templated":true}]}}