{"id":9117,"date":"2021-10-18T12:33:49","date_gmt":"2021-10-18T09:33:49","guid":{"rendered":"https:\/\/toreco.md\/?post_type=product&#038;p=9117"},"modified":"2023-07-21T08:05:42","modified_gmt":"2023-07-21T05:05:42","slug":"dezinfectant-gel-alcool-pentru-maini-1000ml-premium","status":"publish","type":"product","link":"https:\/\/toreco.md\/en\/product\/dupa-tip\/sapun-si-odorizanti\/dezinfectanti-sapun-antibacterian\/dezinfectant-gel-alcool-pentru-maini-1000ml-premium\/","title":{"rendered":"Tork Alcohol Gel Hand Sanitiser, 1000 ml, Premium, Tork"},"content":{"rendered":"<p><iframe loading=\"lazy\" width=\"640\" height=\"360\" src=\"https:\/\/www.youtube.com\/embed\/MGXLu-NyBg4\" title=\"[TORECO]: Sapun lichid si spuma Tork - reduce costurile deoarece 1L (Tork) = 5L (sapun obisnuit)\" frameborder=\"0\" allow=\"accelerometer; autoplay; clipboard-write; encrypted-media; gyroscope; picture-in-picture; web-share\" allowfullscreen><\/iframe><\/p>\n<p>Preveni\u021bi infec\u021biile utiliz\u00e2nd Tork Alcohol Gel Hand Sanitizer, cu un con\u021binut ridicat de alcool denaturat (80%). Igienizeaz\u0103 \u0219i dezinfecteaz\u0103 rapid m\u00e2inile. Produs eficient, creat pentru utilizare frecvent\u0103. Este perfect pentru a fi folosit \u00een mai multe domenii: industria alimentar\u0103, medicin\u0103 etc. Potrivit pentru dozatoarele de s\u0103pun Tork Liquid &#038; Spray, care sunt u\u0219or de folosit \u0219i ofer\u0103 igien\u0103 perfect\u0103 tuturoro utilizatorilor.<br \/>\nVolume: 1 liter<br \/>\nSystem: S1<\/p>","protected":false},"excerpt":{"rendered":"<p>Prevent infections using Tork Alcohol Gel hand Sanitizer, with a high content of denatured alcohol (80%).<\/p>","protected":false},"featured_media":9118,"comment_status":"closed","ping_status":"closed","template":"","meta":[],"product_cat":[85,34,42,44,43,40,46,21,27],"product_tag":[150],"class_list":["post-9117","product","type-product","status-publish","has-post-thumbnail","hentry","product_cat-dezinfectanti-sapun-antibacterian","product_cat-hotel","product_cat-industria-de-producere-si-prelucrare","product_cat-institutii-de-invatamint","product_cat-medicina","product_cat-restaurant-si-bucatarie","product_cat-sport-si-fitness","product_cat-articole-parafarmaceutice","product_cat-bavete-bonete-manusi-masca","product_tag-dezinfectant-pentru-maini","pa_brand-tork"],"_links":{"self":[{"href":"https:\/\/toreco.md\/en\/wp-json\/wp\/v2\/product\/9117","targetHints":{"allow":["GET"]}}],"collection":[{"href":"https:\/\/toreco.md\/en\/wp-json\/wp\/v2\/product"}],"about":[{"href":"https:\/\/toreco.md\/en\/wp-json\/wp\/v2\/types\/product"}],"replies":[{"embeddable":true,"href":"https:\/\/toreco.md\/en\/wp-json\/wp\/v2\/comments?post=9117"}],"wp:featuredmedia":[{"embeddable":true,"href":"https:\/\/toreco.md\/en\/wp-json\/wp\/v2\/media\/9118"}],"wp:attachment":[{"href":"https:\/\/toreco.md\/en\/wp-json\/wp\/v2\/media?parent=9117"}],"wp:term":[{"taxonomy":"product_cat","embeddable":true,"href":"https:\/\/toreco.md\/en\/wp-json\/wp\/v2\/product_cat?post=9117"},{"taxonomy":"product_tag","embeddable":true,"href":"https:\/\/toreco.md\/en\/wp-json\/wp\/v2\/product_tag?post=9117"}],"curies":[{"name":"wp","href":"https:\/\/api.w.org\/{rel}","templated":true}]}}