{"id":9105,"date":"2021-10-08T15:24:51","date_gmt":"2021-10-08T12:24:51","guid":{"rendered":"https:\/\/toreco.md\/?post_type=product&#038;p=9105"},"modified":"2022-12-14T15:23:12","modified_gmt":"2022-12-14T13:23:12","slug":"finale-special-balsam-neutralizator-clatirea-finala-a-rufelor","status":"publish","type":"product","link":"https:\/\/toreco.md\/en\/product\/dupa-tip\/detergenti-si-dezinfectanti-profesionali\/textile\/finale-special-balsam-neutralizator-clatirea-finala-a-rufelor\/","title":{"rendered":"Finale Special, neutralizing balm final rinse of laundry"},"content":{"rendered":"<p>Liquid non-corosive neutralising agent. The formula doesn't cause corrosion and effectively regulates pH in the last rinse. It also stabilizes textile's pH values. Eliminates the results of bicarbonate water hardness. Prevents alcalinity development on wet textile. Odorless. Not dangerous.<br \/>\nVolume: 20kg<\/p>","protected":false},"excerpt":{"rendered":"<p>Agent de neutralizare necoroziv. Pentru reglarea pH la ultima cl\u0103tire. Valoarea pH-ului este mult mai stabil\u0103 \u00een textile. Elimin\u0103 efectele negative ale bicarbonatului din apa dur\u0103. Opre\u015fte evolu\u0163ia alcalinit\u0103\u0163ii \u00een textilele umede. F\u0103r\u0103 miros. Nu este periculos. Volum: 20 kg<\/p>","protected":false},"featured_media":9106,"comment_status":"closed","ping_status":"closed","template":"","meta":[],"product_cat":[72,45,34,42,43,40,71],"product_tag":[169],"class_list":["post-9105","product","type-product","status-publish","has-post-thumbnail","hentry","product_cat-textile","product_cat-industria-auto","product_cat-hotel","product_cat-industria-de-producere-si-prelucrare","product_cat-medicina","product_cat-restaurant-si-bucatarie","product_cat-detergenti-si-dezinfectanti-profesionali","product_tag-detergent","pa_brand-ecolab"],"_links":{"self":[{"href":"https:\/\/toreco.md\/en\/wp-json\/wp\/v2\/product\/9105","targetHints":{"allow":["GET"]}}],"collection":[{"href":"https:\/\/toreco.md\/en\/wp-json\/wp\/v2\/product"}],"about":[{"href":"https:\/\/toreco.md\/en\/wp-json\/wp\/v2\/types\/product"}],"replies":[{"embeddable":true,"href":"https:\/\/toreco.md\/en\/wp-json\/wp\/v2\/comments?post=9105"}],"wp:featuredmedia":[{"embeddable":true,"href":"https:\/\/toreco.md\/en\/wp-json\/wp\/v2\/media\/9106"}],"wp:attachment":[{"href":"https:\/\/toreco.md\/en\/wp-json\/wp\/v2\/media?parent=9105"}],"wp:term":[{"taxonomy":"product_cat","embeddable":true,"href":"https:\/\/toreco.md\/en\/wp-json\/wp\/v2\/product_cat?post=9105"},{"taxonomy":"product_tag","embeddable":true,"href":"https:\/\/toreco.md\/en\/wp-json\/wp\/v2\/product_tag?post=9105"}],"curies":[{"name":"wp","href":"https:\/\/api.w.org\/{rel}","templated":true}]}}