{"id":8669,"date":"2021-08-24T11:29:39","date_gmt":"2021-08-24T08:29:39","guid":{"rendered":"https:\/\/toreco.md\/?post_type=product&#038;p=8669"},"modified":"2025-02-18T11:04:08","modified_gmt":"2025-02-18T09:04:08","slug":"urna-stradala-cu-scrumiera-tip-2","status":"publish","type":"product","link":"https:\/\/toreco.md\/en\/product\/dupa-tip\/tomberoane-cosuri-gunoi\/cosuri-de-gunoi-cu-scrumiera\/urna-stradala-cu-scrumiera-tip-2\/","title":{"rendered":"Street urn with ashtray, TIP 2"},"content":{"rendered":"<p>Street urn with ashtray, made of cold rolled steel. It is furniture and has a rotating mechanism.<br \/>\nDimensiuni &#8211; diametru 290 mm<br \/>\nDot\u0103ri &#8211; scrumier\u0103, rotabil\u0103, mobil\u0103<br \/>\nCaracteristici tehnice &#8211;<br \/>\n&#8211; rezervuarul: o\u021bel laminat la rece, grosimea 1,20 mm<br \/>\n&#8211; suportul: \u021beav\u0103 profilata din o\u021bel<br \/>\n&#8211; volumul rezervorului: 0,028 metri cubi<br \/>\n&#8211; acoperirea: vopsea verde<\/p>","protected":false},"excerpt":{"rendered":"<p>Street urn with ashtray, made of cold rolled steel. It is furniture and has a rotating mechanism. <\/p>","protected":false},"featured_media":8670,"comment_status":"closed","ping_status":"closed","template":"","meta":[],"product_cat":[102,45,34,42,40,99],"product_tag":[194],"class_list":["post-8669","product","type-product","status-publish","has-post-thumbnail","hentry","product_cat-cosuri-de-gunoi-cu-scrumiera","product_cat-industria-auto","product_cat-hotel","product_cat-industria-de-producere-si-prelucrare","product_cat-restaurant-si-bucatarie","product_cat-tomberoane-cosuri-gunoi","product_tag-cos-gunoi"],"_links":{"self":[{"href":"https:\/\/toreco.md\/en\/wp-json\/wp\/v2\/product\/8669","targetHints":{"allow":["GET"]}}],"collection":[{"href":"https:\/\/toreco.md\/en\/wp-json\/wp\/v2\/product"}],"about":[{"href":"https:\/\/toreco.md\/en\/wp-json\/wp\/v2\/types\/product"}],"replies":[{"embeddable":true,"href":"https:\/\/toreco.md\/en\/wp-json\/wp\/v2\/comments?post=8669"}],"wp:featuredmedia":[{"embeddable":true,"href":"https:\/\/toreco.md\/en\/wp-json\/wp\/v2\/media\/8670"}],"wp:attachment":[{"href":"https:\/\/toreco.md\/en\/wp-json\/wp\/v2\/media?parent=8669"}],"wp:term":[{"taxonomy":"product_cat","embeddable":true,"href":"https:\/\/toreco.md\/en\/wp-json\/wp\/v2\/product_cat?post=8669"},{"taxonomy":"product_tag","embeddable":true,"href":"https:\/\/toreco.md\/en\/wp-json\/wp\/v2\/product_tag?post=8669"}],"curies":[{"name":"wp","href":"https:\/\/api.w.org\/{rel}","templated":true}]}}