{"id":8667,"date":"2021-08-24T11:22:23","date_gmt":"2021-08-24T08:22:23","guid":{"rendered":"https:\/\/toreco.md\/?post_type=product&#038;p=8667"},"modified":"2025-05-27T14:52:59","modified_gmt":"2025-05-27T11:52:59","slug":"urna-stradala-tip-4","status":"publish","type":"product","link":"https:\/\/toreco.md\/en\/product\/dupa-tip\/tomberoane-cosuri-gunoi\/cosuri-de-gunoi-stradale\/urna-stradala-tip-4\/","title":{"rendered":"Street urn, TIP 4"},"content":{"rendered":"<p>Street urn, made of cold rolled steel. It is equipped with a turning mechanism.<br \/>\nDimensiuni &#8211; diametru 290 mm<br \/>\nDot\u0103ri &#8211; rotabil\u0103, f\u0103r\u0103 scrumier\u0103, mobil\u0103<br \/>\nTechnical Data:<br \/>\n&#8211; rezervuarul: o\u021bel laminat la rece, grosimea 1,20 mm<br \/>\n&#8211; suportul: \u021beav\u0103 profilata din o\u021bel<br \/>\n&#8211; volumul rezervorului: 0,028 metri cubi<br \/>\n&#8211; acoperirea: vopsea verde<\/p>","protected":false},"excerpt":{"rendered":"<p>Street urn, made of cold rolled steel. It is equipped with a turning mechanism.<\/p>","protected":false},"featured_media":8668,"comment_status":"closed","ping_status":"closed","template":"","meta":[],"product_cat":[101,45,34,42,44,43,40,99],"product_tag":[194],"class_list":["post-8667","product","type-product","status-publish","has-post-thumbnail","hentry","product_cat-cosuri-de-gunoi-stradale","product_cat-industria-auto","product_cat-hotel","product_cat-industria-de-producere-si-prelucrare","product_cat-institutii-de-invatamint","product_cat-medicina","product_cat-restaurant-si-bucatarie","product_cat-tomberoane-cosuri-gunoi","product_tag-cos-gunoi"],"_links":{"self":[{"href":"https:\/\/toreco.md\/en\/wp-json\/wp\/v2\/product\/8667","targetHints":{"allow":["GET"]}}],"collection":[{"href":"https:\/\/toreco.md\/en\/wp-json\/wp\/v2\/product"}],"about":[{"href":"https:\/\/toreco.md\/en\/wp-json\/wp\/v2\/types\/product"}],"replies":[{"embeddable":true,"href":"https:\/\/toreco.md\/en\/wp-json\/wp\/v2\/comments?post=8667"}],"wp:featuredmedia":[{"embeddable":true,"href":"https:\/\/toreco.md\/en\/wp-json\/wp\/v2\/media\/8668"}],"wp:attachment":[{"href":"https:\/\/toreco.md\/en\/wp-json\/wp\/v2\/media?parent=8667"}],"wp:term":[{"taxonomy":"product_cat","embeddable":true,"href":"https:\/\/toreco.md\/en\/wp-json\/wp\/v2\/product_cat?post=8667"},{"taxonomy":"product_tag","embeddable":true,"href":"https:\/\/toreco.md\/en\/wp-json\/wp\/v2\/product_tag?post=8667"}],"curies":[{"name":"wp","href":"https:\/\/api.w.org\/{rel}","templated":true}]}}