{"id":8086,"date":"2021-07-13T09:43:14","date_gmt":"2021-07-13T06:43:14","guid":{"rendered":"https:\/\/toreco.md\/?post_type=product&#038;p=8086"},"modified":"2025-02-18T11:02:17","modified_gmt":"2025-02-18T09:02:17","slug":"tomberon-plastic-pentru-deseuri-mkt240verde","status":"publish","type":"product","link":"https:\/\/toreco.md\/en\/product\/dupa-tip\/tomberoane-cosuri-gunoi\/cosuri-de-gunoi-stradale\/tomberon-plastic-pentru-deseuri-mkt240verde\/","title":{"rendered":"Plastic waste Dumpster MGB 240L, Green"},"content":{"rendered":"<p>Containerele (tomberoanele) de gunoi din plastic cu dimensiunea de 730x580x1060 mm sunt echipate cu 2 ro\u021bi cauciucate \u0219i un capac. Greutate &#8211; pu\u021bin peste 13 kg, capacitate &#8211; 240 l. Peretele frontal este confec\u021bionat din material deosebit de durabil pentru \u00eenc\u0103rcarea sigur\u0103 a con\u021binutului cu echipamentul de colectare a gunoiului. Material &#8211; Polietilen\u0103 de joas\u0103 presiune (HDPE)<br \/>\nColor- green<\/p>","protected":false},"excerpt":{"rendered":"<p>Containerele (tomberoanele) de gunoi din plastic cu dimensiunea de 730x580x1060 mm sunt echipate cu 2 ro\u021bi cauciucate \u0219i un capac. Greutate &#8211; pu\u021bin peste 13 kg, capacitate &#8211; 240 l. Peretele frontal este confec\u021bionat din material deosebit de durabil pentru \u00eenc\u0103rcarea sigur\u0103 a con\u021binutului cu echipamentul de colectare a gunoiului. Material &#8211; Polietilen\u0103 de joas\u0103 [&hellip;]<\/p>","protected":false},"featured_media":8087,"comment_status":"closed","ping_status":"closed","template":"","meta":[],"product_cat":[99,101],"product_tag":[204],"class_list":["post-8086","product","type-product","status-publish","has-post-thumbnail","hentry","product_cat-tomberoane-cosuri-gunoi","product_cat-cosuri-de-gunoi-stradale","product_tag-tomberon","pa_brand-tara"],"_links":{"self":[{"href":"https:\/\/toreco.md\/en\/wp-json\/wp\/v2\/product\/8086","targetHints":{"allow":["GET"]}}],"collection":[{"href":"https:\/\/toreco.md\/en\/wp-json\/wp\/v2\/product"}],"about":[{"href":"https:\/\/toreco.md\/en\/wp-json\/wp\/v2\/types\/product"}],"replies":[{"embeddable":true,"href":"https:\/\/toreco.md\/en\/wp-json\/wp\/v2\/comments?post=8086"}],"wp:featuredmedia":[{"embeddable":true,"href":"https:\/\/toreco.md\/en\/wp-json\/wp\/v2\/media\/8087"}],"wp:attachment":[{"href":"https:\/\/toreco.md\/en\/wp-json\/wp\/v2\/media?parent=8086"}],"wp:term":[{"taxonomy":"product_cat","embeddable":true,"href":"https:\/\/toreco.md\/en\/wp-json\/wp\/v2\/product_cat?post=8086"},{"taxonomy":"product_tag","embeddable":true,"href":"https:\/\/toreco.md\/en\/wp-json\/wp\/v2\/product_tag?post=8086"}],"curies":[{"name":"wp","href":"https:\/\/api.w.org\/{rel}","templated":true}]}}