{"id":7970,"date":"2021-07-09T13:32:06","date_gmt":"2021-07-09T10:32:06","guid":{"rendered":"https:\/\/toreco.md\/?post_type=product&#038;p=7970"},"modified":"2024-04-29T13:11:06","modified_gmt":"2024-04-29T10:11:06","slug":"sapun-spuma-antimicrobial-s4","status":"publish","type":"product","link":"https:\/\/toreco.md\/en\/product\/dupa-tip\/sapun-si-odorizanti\/dezinfectanti-sapun-antibacterian\/sapun-spuma-antimicrobial-s4\/","title":{"rendered":"Gel-alcohol hand sanitizer, S4, Tork"},"content":{"rendered":"<p><iframe loading=\"lazy\" width=\"640\" height=\"360\" src=\"https:\/\/www.youtube.com\/embed\/MGXLu-NyBg4\" title=\"[TORECO]: Sapun lichid si spuma Tork - reduce costurile deoarece 1L (Tork) = 5L (sapun obisnuit)\" frameborder=\"0\" allow=\"accelerometer; autoplay; clipboard-write; encrypted-media; gyroscope; picture-in-picture; web-share\" allowfullscreen><\/iframe><\/p>\n<p>Eficient \u00eempotriva unei variet\u0103\u021bi de organisme problem\u0103 &#8211;\u00a0 toate virusurile capsulate, rotavirus \u0219i norovirus. Ideal pentru igiena zilnic\u0103 a m\u00e2inilor, inclusiv asisten\u021b\u0103 medical\u0103.\u00a0 Hidrateaz\u0103 pielea f\u0103r\u0103 a l\u0103sa reziduuri lipicioase. Potrivit pentru toate dozatoarele Tork Skincare (S4).<\/p>\n<p>System S4<br \/>\nVolume: 1000 ml \/ 2500 doses.<\/p>","protected":false},"excerpt":{"rendered":"<p>Tork Alcohol Gel Hand Sanitiser with 80% (w\/w) denatured alcohol, effectively kills microorganisms to help prevent the spread of infections.<\/p>","protected":false},"featured_media":7971,"comment_status":"closed","ping_status":"closed","template":"","meta":[],"product_cat":[45,34,42,44,43,40,41,46,21,27,83,85],"product_tag":[150],"class_list":["post-7970","product","type-product","status-publish","has-post-thumbnail","hentry","product_cat-industria-auto","product_cat-hotel","product_cat-industria-de-producere-si-prelucrare","product_cat-institutii-de-invatamint","product_cat-medicina","product_cat-restaurant-si-bucatarie","product_cat-servicii-de-curatenie","product_cat-sport-si-fitness","product_cat-articole-parafarmaceutice","product_cat-bavete-bonete-manusi-masca","product_cat-sapun-si-odorizanti","product_cat-dezinfectanti-sapun-antibacterian","product_tag-dezinfectant-pentru-maini","pa_brand-tork"],"_links":{"self":[{"href":"https:\/\/toreco.md\/en\/wp-json\/wp\/v2\/product\/7970","targetHints":{"allow":["GET"]}}],"collection":[{"href":"https:\/\/toreco.md\/en\/wp-json\/wp\/v2\/product"}],"about":[{"href":"https:\/\/toreco.md\/en\/wp-json\/wp\/v2\/types\/product"}],"replies":[{"embeddable":true,"href":"https:\/\/toreco.md\/en\/wp-json\/wp\/v2\/comments?post=7970"}],"wp:featuredmedia":[{"embeddable":true,"href":"https:\/\/toreco.md\/en\/wp-json\/wp\/v2\/media\/7971"}],"wp:attachment":[{"href":"https:\/\/toreco.md\/en\/wp-json\/wp\/v2\/media?parent=7970"}],"wp:term":[{"taxonomy":"product_cat","embeddable":true,"href":"https:\/\/toreco.md\/en\/wp-json\/wp\/v2\/product_cat?post=7970"},{"taxonomy":"product_tag","embeddable":true,"href":"https:\/\/toreco.md\/en\/wp-json\/wp\/v2\/product_tag?post=7970"}],"curies":[{"name":"wp","href":"https:\/\/api.w.org\/{rel}","templated":true}]}}