{"id":7291,"date":"2021-06-25T10:43:36","date_gmt":"2021-06-25T07:43:36","guid":{"rendered":"https:\/\/toreco.md\/?post_type=product&#038;p=7291"},"modified":"2025-05-27T14:53:33","modified_gmt":"2025-05-27T11:53:33","slug":"masina-frecare-uscare-cu-om-la-bord-vlx-2180sr","status":"publish","type":"product","link":"https:\/\/toreco.md\/en\/product\/dupa-tip\/utilaje-pentru-curatenie\/masini-de-curatat\/masina-frecare-uscare-cu-om-la-bord-vlx-2180sr\/","title":{"rendered":"VLX2180SR, scrubber-dryer"},"content":{"rendered":"<p>Equipment intended for retail, logistics, institutions and industrial companies with a moderate degree of soiling.<br \/>\nMain equipment maintenance items are easily accessible.<br \/>\nReplacing consumables does not require additional tools or equipment. Equipped with preset automatic programs, AUTO and ECO. <\/p>\n<p>Technical data:<br \/>\nAcumulatori &#8211; 2X12V,120Ah, \u00eenc\u0103rc\u0103tor \u00eencorporat;<br \/>\nL\u0103\u021bimea perie de sp\u0103lare &#8211; 500 mm, o perie;<br \/>\nViteza de rota\u0163ie a periei &#8211; 150 r\/m;<br \/>\nPresiunea maxim\u0103 de ap\u0103sare &#8211; 22 kg;<br \/>\nPutere motor perie &#8211; 400 W;<br \/>\nPutere motor de aspirare &#8211; 2 nivele, 480 W;<br \/>\nViteza maxim\u0103  &#8211; 6 km\/h;<br \/>\nTheoretical productivity 2848 sqm \/ h;<br \/>\nCapacitate rezervor de solu\u0163ie &#8211; 78,5 Lt;<br \/>\nCapacitate rezervor de recuperare &#8211; 80 Lt;<br \/>\nPant\u0103 maxim\u0103 de func\u0163ionare &#8211; 8%.<br \/>\nWeight (without batteries) 118 kg.<br \/>\nDimensions: 1.310 x 675 X 1.030 mm.<\/p>","protected":false},"excerpt":{"rendered":"<p>The 2180SR is a reliable micro-rider scrubber-dryer that delivers productive cleaning of large areas.<\/p>","protected":false},"featured_media":7317,"comment_status":"closed","ping_status":"closed","template":"","meta":[],"product_cat":[109,113],"product_tag":[211],"class_list":["post-7291","product","type-product","status-publish","has-post-thumbnail","hentry","product_cat-utilaje-pentru-curatenie","product_cat-masini-de-curatat","product_tag-masini-curatenie","pa_brand-tennant"],"_links":{"self":[{"href":"https:\/\/toreco.md\/en\/wp-json\/wp\/v2\/product\/7291","targetHints":{"allow":["GET"]}}],"collection":[{"href":"https:\/\/toreco.md\/en\/wp-json\/wp\/v2\/product"}],"about":[{"href":"https:\/\/toreco.md\/en\/wp-json\/wp\/v2\/types\/product"}],"replies":[{"embeddable":true,"href":"https:\/\/toreco.md\/en\/wp-json\/wp\/v2\/comments?post=7291"}],"wp:featuredmedia":[{"embeddable":true,"href":"https:\/\/toreco.md\/en\/wp-json\/wp\/v2\/media\/7317"}],"wp:attachment":[{"href":"https:\/\/toreco.md\/en\/wp-json\/wp\/v2\/media?parent=7291"}],"wp:term":[{"taxonomy":"product_cat","embeddable":true,"href":"https:\/\/toreco.md\/en\/wp-json\/wp\/v2\/product_cat?post=7291"},{"taxonomy":"product_tag","embeddable":true,"href":"https:\/\/toreco.md\/en\/wp-json\/wp\/v2\/product_tag?post=7291"}],"curies":[{"name":"wp","href":"https:\/\/api.w.org\/{rel}","templated":true}]}}