{"id":7290,"date":"2021-06-25T10:28:07","date_gmt":"2021-06-25T07:28:07","guid":{"rendered":"https:\/\/toreco.md\/?post_type=product&#038;p=7290"},"modified":"2025-05-27T14:53:37","modified_gmt":"2025-05-27T11:53:37","slug":"masina-frecare-uscare-vlx-1040s","status":"publish","type":"product","link":"https:\/\/toreco.md\/en\/product\/dupa-tip\/utilaje-pentru-curatenie\/masini-de-curatat\/masina-frecare-uscare-vlx-1040s\/","title":{"rendered":"VLX 1040S, scrubber-dryer"},"content":{"rendered":"<p>Its easy-to-maneuver design, intuitive controls and robust components provide for simple operation and maintenance.<br \/>\nIdeal for cleaning small and crowded areas. Equipped with indicator light on the control panel (when the solution tank level is low), tank with a capacity of 40 L, accessible and easy to check solution filter, high durability V-shaped squeegee assembly for consistent water suction.<br \/>\nCapacitate baterie &#8211; 24 V, l\u0103\u021bimea de sp\u0103lare &#8211; 500 mm;<br \/>\nViteza de rota\u0163ie a periei &#8211; 155 r\/m;<br \/>\nPresiunea maxim\u0103 de ap\u0103sare &#8211; 18 kg;<br \/>\nPutere motor perie &#8211; 550 W;<br \/>\nTheoretical productivity 2.250 m2 \/ h;<br \/>\nCapacitate rezervor de recuperare &#8211; 50 L;<br \/>\nPutere motor de aspirare &#8211; 480 W<br \/>\nMotor de trac\u0163iune, vitez\u0103 maxim\u0103 &#8211; 4,5 km\/h;<br \/>\nPant\u0103 maxim\u0103 de func\u0163ionare &#8211; 2%.<br \/>\nWeight (without batteries) 73 kg.<br \/>\nDimensions 1.230 x 516 x 960 mm.<\/p>","protected":false},"excerpt":{"rendered":"<p>The 1040S is a reliable scrubber-dryer that delivers effective cleaning in small spaces.<\/p>","protected":false},"featured_media":7316,"comment_status":"closed","ping_status":"closed","template":"","meta":[],"product_cat":[109,113],"product_tag":[211],"class_list":["post-7290","product","type-product","status-publish","has-post-thumbnail","hentry","product_cat-utilaje-pentru-curatenie","product_cat-masini-de-curatat","product_tag-masini-curatenie","pa_brand-tennant"],"_links":{"self":[{"href":"https:\/\/toreco.md\/en\/wp-json\/wp\/v2\/product\/7290","targetHints":{"allow":["GET"]}}],"collection":[{"href":"https:\/\/toreco.md\/en\/wp-json\/wp\/v2\/product"}],"about":[{"href":"https:\/\/toreco.md\/en\/wp-json\/wp\/v2\/types\/product"}],"replies":[{"embeddable":true,"href":"https:\/\/toreco.md\/en\/wp-json\/wp\/v2\/comments?post=7290"}],"wp:featuredmedia":[{"embeddable":true,"href":"https:\/\/toreco.md\/en\/wp-json\/wp\/v2\/media\/7316"}],"wp:attachment":[{"href":"https:\/\/toreco.md\/en\/wp-json\/wp\/v2\/media?parent=7290"}],"wp:term":[{"taxonomy":"product_cat","embeddable":true,"href":"https:\/\/toreco.md\/en\/wp-json\/wp\/v2\/product_cat?post=7290"},{"taxonomy":"product_tag","embeddable":true,"href":"https:\/\/toreco.md\/en\/wp-json\/wp\/v2\/product_tag?post=7290"}],"curies":[{"name":"wp","href":"https:\/\/api.w.org\/{rel}","templated":true}]}}