{"id":7276,"date":"2021-06-24T16:30:21","date_gmt":"2021-06-24T13:30:21","guid":{"rendered":"https:\/\/toreco.md\/?post_type=product&#038;p=7276"},"modified":"2025-05-27T14:53:42","modified_gmt":"2025-05-27T11:53:42","slug":"masina-frecare-uscare-echipata-complet-camira-32lcl-35ldr","status":"publish","type":"product","link":"https:\/\/toreco.md\/en\/product\/dupa-tip\/utilaje-pentru-curatenie\/masini-de-curatat\/masina-frecare-uscare-echipata-complet-camira-32lcl-35ldr\/","title":{"rendered":"CAMIRA Battery operated, 24 V scrubber dryer."},"content":{"rendered":"<p>Equipped with two maintenance-free Sonnenschein gelbatteries with 50 Ah each, the running time is about 2,5 hours and the machine cleans quickly and effectively mediumsized areas of up to 1600 m\u00b2.<br \/>\nAt a low battery level, the connectible ECO mode can be activated and extends the running time of the machine when needed to conclude the cleaning task.<br \/>\nThe swiveling suction bar ensures an excellent suction power even during change of directions and the standard brush with a working width of 43 cm is perfect for a variety of cleaning tasks.<br \/>\nThe voluminous waste water tank, which can easily be cleaned due to its accessibility, is equipped with a user-friendly drain hose.<br \/>\nThe clean water tank can also be drained completely.<br \/>\nAnd makes the CAMIRA with its \u201cbrushdrop\u201d at the push of a button, a standard on-board charger, and its excellent price-performance-ratio one of the most user-friendly machines in its class.<\/p>\n<p>Technical Data:<br \/>\nTensiune alimentare (\u00eenc\u0103rc\u0103tor) &#8211; 230 V \/ 50 Hz<br \/>\nTensiune alimentare (operare) &#8211; 24 V \/ 2 x 50 Ah<br \/>\nVacuum de aspirare (ap\u0103) &#8211;  65 mbar<br \/>\nPutere maxim\u0103 motor vacuum &#8211; 400 W<br \/>\nPutere maxim\u0103 motor perie &#8211; 400 W<br \/>\nProductivitate &#8211; 1600 m2\/h<br \/>\nViteza de rota\u021bie a periei &#8211; 150 rot\/min<br \/>\nPresiunea de contact a periei &#8211; 18 kg<br \/>\nDiametrul periei &#8211; 43 cm<br \/>\nL\u0103\u021bime de aspirare &#8211; 54 cm<br \/>\nRezervor ap\u0103 curat\u0103 &#8211; 32 litri<br \/>\nRezervor ap\u0103 rezidual\u0103 &#8211; 35 litri<br \/>\nGreutate &#8211; 95 kg<br \/>\nDimensiuni (H x L x l) &#8211; 77 x 110 x 54 cm<\/p>","protected":false},"excerpt":{"rendered":"<p>The CAMIRA is the latest product highlight of the SPRiNTUS scrubber dryers. The machine, which is part of the 30-litre-class, convinces with a compact construction design and agility, which allows for extremely easy and efficient cleaning.<\/p>","protected":false},"featured_media":7281,"comment_status":"closed","ping_status":"closed","template":"","meta":[],"product_cat":[109,113],"product_tag":[211],"class_list":["post-7276","product","type-product","status-publish","has-post-thumbnail","hentry","product_cat-utilaje-pentru-curatenie","product_cat-masini-de-curatat","product_tag-masini-curatenie","pa_brand-sprintus"],"_links":{"self":[{"href":"https:\/\/toreco.md\/en\/wp-json\/wp\/v2\/product\/7276","targetHints":{"allow":["GET"]}}],"collection":[{"href":"https:\/\/toreco.md\/en\/wp-json\/wp\/v2\/product"}],"about":[{"href":"https:\/\/toreco.md\/en\/wp-json\/wp\/v2\/types\/product"}],"replies":[{"embeddable":true,"href":"https:\/\/toreco.md\/en\/wp-json\/wp\/v2\/comments?post=7276"}],"wp:featuredmedia":[{"embeddable":true,"href":"https:\/\/toreco.md\/en\/wp-json\/wp\/v2\/media\/7281"}],"wp:attachment":[{"href":"https:\/\/toreco.md\/en\/wp-json\/wp\/v2\/media?parent=7276"}],"wp:term":[{"taxonomy":"product_cat","embeddable":true,"href":"https:\/\/toreco.md\/en\/wp-json\/wp\/v2\/product_cat?post=7276"},{"taxonomy":"product_tag","embeddable":true,"href":"https:\/\/toreco.md\/en\/wp-json\/wp\/v2\/product_tag?post=7276"}],"curies":[{"name":"wp","href":"https:\/\/api.w.org\/{rel}","templated":true}]}}