{"id":7265,"date":"2021-06-24T13:32:10","date_gmt":"2021-06-24T10:32:10","guid":{"rendered":"https:\/\/toreco.md\/?post_type=product&#038;p=7265"},"modified":"2025-06-02T11:53:01","modified_gmt":"2025-06-02T08:53:01","slug":"masina-de-maturat-cu-baterie-medusa","status":"publish","type":"product","link":"https:\/\/toreco.md\/en\/product\/dupa-tip\/utilaje-pentru-curatenie\/masini-de-maturat\/masina-de-maturat-cu-baterie-medusa\/","title":{"rendered":"Industrial battery-powered sweeper MEDUSA"},"content":{"rendered":"<p>Ideal for entryways of all kinds, hallways, staircases, driveways, warehouse and office areas, airports and train stations.<\/p>\n<p>The Medusa is a battery-powered machine developed specifically with professional users in mind. It has a working width of 37 cm, including its two inwards-rotating side brushes. Objects with a diameter of up to 2 cm can be easily vacuumed during operation. With its light weight and compact dimensions, the Medusa is designed for hard-to-reach spaces.<\/p>\n<p>The powerful Lithium-Ion battery (without memory effect) with 10.8 V and 1.5 Ah allows an operation time of approx. 45 minutes per battery. A second, optional battery can be directly stored and carried on the machine itself. Quick-charging unit with a charging time of only 70 minutes is included with purchase.<\/p>\n<p>Main features:<\/p>\n<p>&#8211; Buton mare de pornire ac\u021bionat cu piciorul;<br \/>\n&#8211; Foarte compact \u0219i u\u0219or de manevrat pentru orice utilizator;<br \/>\n&#8211; Schimbarea f\u0103r\u0103 scule a periilor principal\u0103 \u0219i secundare;<br \/>\n&#8211; M\u00e2ner telescopic din aluminiu pentru reglarea pozi\u021biei de lucru optime;<br \/>\n&#8211; Rotile cauciucate nu las\u0103 urme pe suprafe\u021bele sensibile;<br \/>\n&#8211; Container pentru murd\u0103rie cu capacitatea de 2 litri;<br \/>\n&#8211; Volum redus, prin urmare, ideal pentru cur\u0103\u021barea \u00een timpul orelor de program;<br \/>\n&#8211; Pozi\u021bia de parcare pentru depozitare u\u0219oar\u0103;<br \/>\nTechnical data: <\/p>\n<p>Alimentare (unitatea de \u00eenc\u0103rcare) &#8211; 230 V \/ 50 Hz<br \/>\nOperating voltage 10,8 V \/ 2,0 Ah<br \/>\nMax. power 25 W<br \/>\nBattery duration 45 min \/ battery<br \/>\nSound pressure level 63 dB(A)<br \/>\nContainer volume 2 litres (gross)<br \/>\nWeight - 2.8 kg<br \/>\nDimensiuni (L x l x H) &#8211; 30 x 36 x 11 cm<br \/>\nStandard equipment: <\/p>\n<p> 1 x Lithium-Ion battery<br \/>\n 1 x charging unit<br \/>\n 1 x aluminum telescopic handle  <\/p>","protected":false},"excerpt":{"rendered":"<p>Industrial battery-powered sweeper for the quick, quiet and cordless cleaning of all surfaces, indoor and outdoor. The full floating main cylinder brush individually adapts to any surface, whether hard surface or carpet.<\/p>","protected":false},"featured_media":7280,"comment_status":"closed","ping_status":"closed","template":"","meta":[],"product_cat":[109,111],"product_tag":[209],"class_list":["post-7265","product","type-product","status-publish","has-post-thumbnail","hentry","product_cat-utilaje-pentru-curatenie","product_cat-masini-de-maturat","product_tag-maturatoare","pa_brand-sprintus"],"_links":{"self":[{"href":"https:\/\/toreco.md\/en\/wp-json\/wp\/v2\/product\/7265","targetHints":{"allow":["GET"]}}],"collection":[{"href":"https:\/\/toreco.md\/en\/wp-json\/wp\/v2\/product"}],"about":[{"href":"https:\/\/toreco.md\/en\/wp-json\/wp\/v2\/types\/product"}],"replies":[{"embeddable":true,"href":"https:\/\/toreco.md\/en\/wp-json\/wp\/v2\/comments?post=7265"}],"wp:featuredmedia":[{"embeddable":true,"href":"https:\/\/toreco.md\/en\/wp-json\/wp\/v2\/media\/7280"}],"wp:attachment":[{"href":"https:\/\/toreco.md\/en\/wp-json\/wp\/v2\/media?parent=7265"}],"wp:term":[{"taxonomy":"product_cat","embeddable":true,"href":"https:\/\/toreco.md\/en\/wp-json\/wp\/v2\/product_cat?post=7265"},{"taxonomy":"product_tag","embeddable":true,"href":"https:\/\/toreco.md\/en\/wp-json\/wp\/v2\/product_tag?post=7265"}],"curies":[{"name":"wp","href":"https:\/\/api.w.org\/{rel}","templated":true}]}}