{"id":7264,"date":"2021-06-24T13:25:06","date_gmt":"2021-06-24T10:25:06","guid":{"rendered":"https:\/\/toreco.md\/?post_type=product&#038;p=7264"},"modified":"2021-08-20T11:56:18","modified_gmt":"2021-08-20T08:56:18","slug":"maturatoare-manuala-s3-005778","status":"publish","type":"product","link":"https:\/\/toreco.md\/en\/product\/dupa-tip\/utilaje-pentru-curatenie\/masini-de-maturat\/maturatoare-manuala-s3-005778\/","title":{"rendered":"M\u0103tur\u0103toare Manual\u0103 S3 &#8211; 005778"},"content":{"rendered":"<p>Clean under objects and in hard-to-reach areas with low profile design and dual side brushes for extended reach and consistent edge sweeping.<br \/>\nIt can successfully replace manual sweeping, with much higher efficiency and much better cleaning results.<br \/>\nThe capacity of the tank is 30 L, and the weight of the machine is 20 kg.<br \/>\nIt can provide a maximum practical productivity of 1500 m2 per hour.<\/p>\n<p>Specifications:<br \/>\nFront de lucru &#8211; 87 cm<br \/>\nLungimea periilor principale &#8211; 50 cm<br \/>\nCapacitate container &#8211; 50 Lt<br \/>\nTransmisie &#8211; Pe curea<br \/>\nDimensiuni (LxLxH) &#8211; 109 \u00d7 76 \u00d7 41 cm<br \/>\nGreutate neta &#8211; 30 kg<\/p>","protected":false},"excerpt":{"rendered":"<p>Dual side brushes and intuitive design make the S3 perfect for both indoor and outdoor cleaning. Manual operation makes it a great sweeper for quietly cleaning noise-sensitive environments.\u200b<\/p>","protected":false},"featured_media":7282,"comment_status":"closed","ping_status":"closed","template":"","meta":[],"product_cat":[109,111],"product_tag":[209],"class_list":["post-7264","product","type-product","status-publish","has-post-thumbnail","hentry","product_cat-utilaje-pentru-curatenie","product_cat-masini-de-maturat","product_tag-maturatoare","pa_brand-tennant"],"_links":{"self":[{"href":"https:\/\/toreco.md\/en\/wp-json\/wp\/v2\/product\/7264","targetHints":{"allow":["GET"]}}],"collection":[{"href":"https:\/\/toreco.md\/en\/wp-json\/wp\/v2\/product"}],"about":[{"href":"https:\/\/toreco.md\/en\/wp-json\/wp\/v2\/types\/product"}],"replies":[{"embeddable":true,"href":"https:\/\/toreco.md\/en\/wp-json\/wp\/v2\/comments?post=7264"}],"wp:featuredmedia":[{"embeddable":true,"href":"https:\/\/toreco.md\/en\/wp-json\/wp\/v2\/media\/7282"}],"wp:attachment":[{"href":"https:\/\/toreco.md\/en\/wp-json\/wp\/v2\/media?parent=7264"}],"wp:term":[{"taxonomy":"product_cat","embeddable":true,"href":"https:\/\/toreco.md\/en\/wp-json\/wp\/v2\/product_cat?post=7264"},{"taxonomy":"product_tag","embeddable":true,"href":"https:\/\/toreco.md\/en\/wp-json\/wp\/v2\/product_tag?post=7264"}],"curies":[{"name":"wp","href":"https:\/\/api.w.org\/{rel}","templated":true}]}}