{"id":7036,"date":"2021-06-23T14:16:43","date_gmt":"2021-06-23T11:16:43","guid":{"rendered":"https:\/\/toreco.md\/?post_type=product&#038;p=7036"},"modified":"2024-08-21T14:22:21","modified_gmt":"2024-08-21T11:22:21","slug":"cos-gunoi-modular-organic-4buc-70l","status":"publish","type":"product","link":"https:\/\/toreco.md\/en\/product\/dupa-tip\/tomberoane-cosuri-gunoi\/cosuri-de-gunoi-selectiv\/cos-gunoi-modular-organic-4buc-70l\/","title":{"rendered":"Waste segregation bins, 4pcs, 70L"},"content":{"rendered":"<p>The modular garbage can (for selective waste collection) can be available in single, double, triple and quadruple modules. Each individual module with labels\/stickers\/stickers (front location) and a contour of the appropriate color (on the lid) for waste separation in accordance with the color code of a separate waste collection.<\/p>\n<p>The modular garbage can is made of galvanized steel with thermal staining.<br \/>\nThe modular trash bin also comes with a household bag gripper ring or internal buckets (inserts) depending on the model to simplify the cleaning of the tank.<\/p>\n<p>Additional accessories can be equipped on request: internal buckets (inserts), lid (appropriate color depending on the type of garbage), raincoat\/shelter (single, double, triple or quadruple), ashtray, etc.<\/p>\n<p>Features:<br \/>\n&#8211; cleme pentru montarea sacului menajer \u00een interiorul recipientului;<br \/>\n&#8211; g\u0103le\u021bi interioare (inserturi);<br \/>\n&#8211; autocolante \u00een culori care marcheaz\u0103 tipul de de\u0219euri separate;<br \/>\n&#8211; contur colorat, etichete de\u0219euri, baza din cauciuc antiderapant;<br \/>\n&#8211; posibilitatea utiliz\u0103rii at\u00e2t \u00een interior c\u00e2t \u0219i \u00een exterior.<\/p>\n<p>Specifications:<br \/>\nLength: 121 cm<br \/>\nWidth: 31 cm<br \/>\nHeight: 69 cm<br \/>\nWeight: 20 kg<br \/>\nMetal thickness: 1.3 mm<br \/>\nVolum: 4&#215;70 L<\/p>","protected":false},"excerpt":{"rendered":"<p>The modular garbage can (for selective waste collection) can be available in single, double, triple and quadruple modules. Each individual module with labels\/stickers\/stickers (front location) and a contour of the appropriate color (on the lid) for waste separation in accordance with the color code of a separate waste collection.<\/p>","protected":false},"featured_media":7179,"comment_status":"closed","ping_status":"closed","template":"","meta":[],"product_cat":[34,42,44,43,40,46,99,103],"product_tag":[194],"class_list":["post-7036","product","type-product","status-publish","has-post-thumbnail","hentry","product_cat-hotel","product_cat-industria-de-producere-si-prelucrare","product_cat-institutii-de-invatamint","product_cat-medicina","product_cat-restaurant-si-bucatarie","product_cat-sport-si-fitness","product_cat-tomberoane-cosuri-gunoi","product_cat-cosuri-de-gunoi-selectiv","product_tag-cos-gunoi","pa_brand-alda"],"_links":{"self":[{"href":"https:\/\/toreco.md\/en\/wp-json\/wp\/v2\/product\/7036","targetHints":{"allow":["GET"]}}],"collection":[{"href":"https:\/\/toreco.md\/en\/wp-json\/wp\/v2\/product"}],"about":[{"href":"https:\/\/toreco.md\/en\/wp-json\/wp\/v2\/types\/product"}],"replies":[{"embeddable":true,"href":"https:\/\/toreco.md\/en\/wp-json\/wp\/v2\/comments?post=7036"}],"wp:featuredmedia":[{"embeddable":true,"href":"https:\/\/toreco.md\/en\/wp-json\/wp\/v2\/media\/7179"}],"wp:attachment":[{"href":"https:\/\/toreco.md\/en\/wp-json\/wp\/v2\/media?parent=7036"}],"wp:term":[{"taxonomy":"product_cat","embeddable":true,"href":"https:\/\/toreco.md\/en\/wp-json\/wp\/v2\/product_cat?post=7036"},{"taxonomy":"product_tag","embeddable":true,"href":"https:\/\/toreco.md\/en\/wp-json\/wp\/v2\/product_tag?post=7036"}],"curies":[{"name":"wp","href":"https:\/\/api.w.org\/{rel}","templated":true}]}}