{"id":6901,"date":"2021-06-23T10:43:06","date_gmt":"2021-06-23T07:43:06","guid":{"rendered":"https:\/\/toreco.md\/?post_type=product&#038;p=6901"},"modified":"2024-07-15T08:40:45","modified_gmt":"2024-07-15T05:40:45","slug":"tomberon-plastic-pentru-deseuri-mkt360l-verde","status":"publish","type":"product","link":"https:\/\/toreco.md\/en\/product\/dupa-tip\/tomberoane-cosuri-gunoi\/cosuri-de-gunoi-stradale\/tomberon-plastic-pentru-deseuri-mkt360l-verde\/","title":{"rendered":"Plastic waste Dumpster MKT360L, Green"},"content":{"rendered":"<p>Containerele (tomberoanele) de gunoi din plastic cu dimensiunea de 935x605x1110 mm sunt echipate cu 2 ro\u021bi cauciucate \u0219i un capac, capacitate &#8211; 360l.<br \/>\nThe front wall is made of especially durable material for safe loading of contents into the garbage collection equipment<br \/>\nMaterial &#8211; Polietilen\u0103 de joas\u0103 presiune (HDPE)<br \/>\nColor- green<\/p>","protected":false},"excerpt":{"rendered":"<p>Containerele (tomberoanele) de gunoi din plastic cu dimensiunea de 935x605x1110 mm sunt echipate cu 2 ro\u021bi cauciucate \u0219i un capac, capacitate &#8211; 360l. Peretele frontal este confec\u021bionat din material deosebit de durabil pentru \u00eenc\u0103rcarea sigur\u0103 a con\u021binutului cu echipamentul de colectare a gunoiului Material &#8211; Polietilen\u0103 de joas\u0103 presiune (HDPE) Culoare \u2013 verde<\/p>","protected":false},"featured_media":7241,"comment_status":"closed","ping_status":"closed","template":"","meta":[],"product_cat":[99,101],"product_tag":[204],"class_list":["post-6901","product","type-product","status-publish","has-post-thumbnail","hentry","product_cat-tomberoane-cosuri-gunoi","product_cat-cosuri-de-gunoi-stradale","product_tag-tomberon","pa_brand-tara"],"_links":{"self":[{"href":"https:\/\/toreco.md\/en\/wp-json\/wp\/v2\/product\/6901","targetHints":{"allow":["GET"]}}],"collection":[{"href":"https:\/\/toreco.md\/en\/wp-json\/wp\/v2\/product"}],"about":[{"href":"https:\/\/toreco.md\/en\/wp-json\/wp\/v2\/types\/product"}],"replies":[{"embeddable":true,"href":"https:\/\/toreco.md\/en\/wp-json\/wp\/v2\/comments?post=6901"}],"wp:featuredmedia":[{"embeddable":true,"href":"https:\/\/toreco.md\/en\/wp-json\/wp\/v2\/media\/7241"}],"wp:attachment":[{"href":"https:\/\/toreco.md\/en\/wp-json\/wp\/v2\/media?parent=6901"}],"wp:term":[{"taxonomy":"product_cat","embeddable":true,"href":"https:\/\/toreco.md\/en\/wp-json\/wp\/v2\/product_cat?post=6901"},{"taxonomy":"product_tag","embeddable":true,"href":"https:\/\/toreco.md\/en\/wp-json\/wp\/v2\/product_tag?post=6901"}],"curies":[{"name":"wp","href":"https:\/\/api.w.org\/{rel}","templated":true}]}}