{"id":6892,"date":"2021-06-23T10:20:40","date_gmt":"2021-06-23T07:20:40","guid":{"rendered":"https:\/\/toreco.md\/?post_type=product&#038;p=6892"},"modified":"2022-04-04T10:23:52","modified_gmt":"2022-04-04T07:23:52","slug":"tomberon-plastic-pentru-deseuri-mkt240l-albastru","status":"publish","type":"product","link":"https:\/\/toreco.md\/en\/product\/dupa-tip\/tomberoane-cosuri-gunoi\/cosuri-de-gunoi-stradale\/tomberon-plastic-pentru-deseuri-mkt240l-albastru\/","title":{"rendered":"Plastic waste Dumpster MKT240L, Blue"},"content":{"rendered":"<p>Containerele (tomberoanele) de gunoi din plastic cu dimensiunea de 730x580x1060 mm sunt echipate cu 2 ro\u021bi cauciucate \u0219i un capac, greutate &#8211; pu\u021bin peste 13 kg, capacitate &#8211; 240 l.<br \/>\nThe front wall is made of especially durable material for safe loading of contents into the garbage collection equipment<br \/>\nMaterial &#8211; Polietilen\u0103 de joas\u0103 presiune (HDPE)<br \/>\nColor- blue<\/p>","protected":false},"excerpt":{"rendered":"<p>Containerele (tomberoanele) de gunoi din plastic cu dimensiunea de 730x580x1060 mm sunt echipate cu 2 ro\u021bi cauciucate \u0219i un capac, greutate &#8211; pu\u021bin peste 13 kg, capacitate &#8211; 240 l. Peretele frontal este confec\u021bionat din material deosebit de durabil pentru \u00eenc\u0103rcarea sigur\u0103 a con\u021binutului cu echipamentul de colectare a gunoiului Material &#8211; Polietilen\u0103 de joas\u0103 [&hellip;]<\/p>","protected":false},"featured_media":7235,"comment_status":"closed","ping_status":"closed","template":"","meta":[],"product_cat":[99,101],"product_tag":[204],"class_list":["post-6892","product","type-product","status-publish","has-post-thumbnail","hentry","product_cat-tomberoane-cosuri-gunoi","product_cat-cosuri-de-gunoi-stradale","product_tag-tomberon","pa_brand-tara"],"_links":{"self":[{"href":"https:\/\/toreco.md\/en\/wp-json\/wp\/v2\/product\/6892","targetHints":{"allow":["GET"]}}],"collection":[{"href":"https:\/\/toreco.md\/en\/wp-json\/wp\/v2\/product"}],"about":[{"href":"https:\/\/toreco.md\/en\/wp-json\/wp\/v2\/types\/product"}],"replies":[{"embeddable":true,"href":"https:\/\/toreco.md\/en\/wp-json\/wp\/v2\/comments?post=6892"}],"wp:featuredmedia":[{"embeddable":true,"href":"https:\/\/toreco.md\/en\/wp-json\/wp\/v2\/media\/7235"}],"wp:attachment":[{"href":"https:\/\/toreco.md\/en\/wp-json\/wp\/v2\/media?parent=6892"}],"wp:term":[{"taxonomy":"product_cat","embeddable":true,"href":"https:\/\/toreco.md\/en\/wp-json\/wp\/v2\/product_cat?post=6892"},{"taxonomy":"product_tag","embeddable":true,"href":"https:\/\/toreco.md\/en\/wp-json\/wp\/v2\/product_tag?post=6892"}],"curies":[{"name":"wp","href":"https:\/\/api.w.org\/{rel}","templated":true}]}}