{"id":6475,"date":"2021-06-21T11:51:32","date_gmt":"2021-06-21T08:51:32","guid":{"rendered":"https:\/\/toreco.md\/?post_type=product&#038;p=6475"},"modified":"2024-10-30T10:44:10","modified_gmt":"2024-10-30T08:44:10","slug":"mop-bumbac-cu-filet-extra-long-mod-53","status":"publish","type":"product","link":"https:\/\/toreco.md\/en\/product\/dupa-tip\/echipamente-curatenie\/mopuri-maturi-farase\/mop-bumbac-cu-filet-extra-long-mod-53\/","title":{"rendered":"Mop of cotton with threaded mounting EXTRA LONG, MOD.53"},"content":{"rendered":"<p>Recommended for professional cleaning of all surfaces.<br \/>\nVery absorbent and super-resistant.<br \/>\nOptimum drying.<br \/>\nFibra rezist\u0103 la \u00een\u0103lbitori, produse chimice, solven\u021bi, detergenti, etc.<br \/>\nThe mop fillet fits any type of handle.<br \/>\nMain features: 245gr \/ 31cm.<\/p>","protected":false},"excerpt":{"rendered":"<p>The mop is made of cotton with a thread and a thick thread.<\/p>","protected":false},"featured_media":6993,"comment_status":"closed","ping_status":"closed","template":"","meta":[],"product_cat":[45,34,42,44,43,40,41,46,90,92],"product_tag":[181],"class_list":["post-6475","product","type-product","status-publish","has-post-thumbnail","hentry","product_cat-industria-auto","product_cat-hotel","product_cat-industria-de-producere-si-prelucrare","product_cat-institutii-de-invatamint","product_cat-medicina","product_cat-restaurant-si-bucatarie","product_cat-servicii-de-curatenie","product_cat-sport-si-fitness","product_cat-echipamente-curatenie","product_cat-mopuri-maturi-farase","product_tag-mop","pa_brand-ressol"],"_links":{"self":[{"href":"https:\/\/toreco.md\/en\/wp-json\/wp\/v2\/product\/6475","targetHints":{"allow":["GET"]}}],"collection":[{"href":"https:\/\/toreco.md\/en\/wp-json\/wp\/v2\/product"}],"about":[{"href":"https:\/\/toreco.md\/en\/wp-json\/wp\/v2\/types\/product"}],"replies":[{"embeddable":true,"href":"https:\/\/toreco.md\/en\/wp-json\/wp\/v2\/comments?post=6475"}],"wp:featuredmedia":[{"embeddable":true,"href":"https:\/\/toreco.md\/en\/wp-json\/wp\/v2\/media\/6993"}],"wp:attachment":[{"href":"https:\/\/toreco.md\/en\/wp-json\/wp\/v2\/media?parent=6475"}],"wp:term":[{"taxonomy":"product_cat","embeddable":true,"href":"https:\/\/toreco.md\/en\/wp-json\/wp\/v2\/product_cat?post=6475"},{"taxonomy":"product_tag","embeddable":true,"href":"https:\/\/toreco.md\/en\/wp-json\/wp\/v2\/product_tag?post=6475"}],"curies":[{"name":"wp","href":"https:\/\/api.w.org\/{rel}","templated":true}]}}