{"id":6308,"date":"2021-06-18T10:43:48","date_gmt":"2021-06-18T07:43:48","guid":{"rendered":"https:\/\/toreco.md\/?post_type=product&#038;p=6308"},"modified":"2025-01-21T10:37:22","modified_gmt":"2025-01-21T08:37:22","slug":"coaster-suport-hartie-pentru-pahare","status":"publish","type":"product","link":"https:\/\/toreco.md\/en\/product\/dupa-tip\/prosoape-servetele-hartie\/coaster-suport-hartie-pentru-pahare\/","title":{"rendered":"Paper coasters, Tork"},"content":{"rendered":"<p>Decorate your table with these coasters for cups or glasses, and they not only protect the table and customers, but can also be decorative, informational and promotional items.<\/p>\n<p>&#8211; Posibilitatea de a personaliza coasterele.<\/p>\n<p>&#8211; Studiile arat\u0103 c\u0103 75% dintre vizitatori acord\u0103 aten\u021bie sporit\u0103 la informa\u021bii de pe coaster sau un \u0219ervetel.<\/p>\n<p>1 box: 12 packs<br \/>\n1 package: 250 coasters<br \/>\nLayers: 8<br \/>\nColor: White<\/p>","protected":false},"excerpt":{"rendered":"<p>These white coasters perfectly embody the concept: what is less is more!<\/p>","protected":false},"featured_media":6526,"comment_status":"closed","ping_status":"closed","template":"","meta":[],"product_cat":[34,40,18,49],"product_tag":[160],"class_list":["post-6308","product","type-product","status-publish","has-post-thumbnail","hentry","product_cat-hotel","product_cat-restaurant-si-bucatarie","product_cat-prosoape-servetele-hartie","product_cat-servetele-de-masa","product_tag-servetele-de-masa","pa_brand-tork"],"_links":{"self":[{"href":"https:\/\/toreco.md\/en\/wp-json\/wp\/v2\/product\/6308","targetHints":{"allow":["GET"]}}],"collection":[{"href":"https:\/\/toreco.md\/en\/wp-json\/wp\/v2\/product"}],"about":[{"href":"https:\/\/toreco.md\/en\/wp-json\/wp\/v2\/types\/product"}],"replies":[{"embeddable":true,"href":"https:\/\/toreco.md\/en\/wp-json\/wp\/v2\/comments?post=6308"}],"wp:featuredmedia":[{"embeddable":true,"href":"https:\/\/toreco.md\/en\/wp-json\/wp\/v2\/media\/6526"}],"wp:attachment":[{"href":"https:\/\/toreco.md\/en\/wp-json\/wp\/v2\/media?parent=6308"}],"wp:term":[{"taxonomy":"product_cat","embeddable":true,"href":"https:\/\/toreco.md\/en\/wp-json\/wp\/v2\/product_cat?post=6308"},{"taxonomy":"product_tag","embeddable":true,"href":"https:\/\/toreco.md\/en\/wp-json\/wp\/v2\/product_tag?post=6308"}],"curies":[{"name":"wp","href":"https:\/\/api.w.org\/{rel}","templated":true}]}}