{"id":6035,"date":"2021-06-17T10:39:30","date_gmt":"2021-06-17T07:39:30","guid":{"rendered":"https:\/\/toreco.md\/?post_type=product&#038;p=6035"},"modified":"2024-02-26T14:00:47","modified_gmt":"2024-02-26T12:00:47","slug":"diamanto-csa5-produs-cristalizare-complet","status":"publish","type":"product","link":"https:\/\/toreco.md\/en\/product\/dupa-tip\/detergenti-si-dezinfectanti-profesionali\/detergenti-speciali\/diamanto-csa5-produs-cristalizare-complet\/","title":{"rendered":"DIAMANTO CSA5, for protect delicate marble and natural stones"},"content":{"rendered":"<p>Oxygen-based powder-free crystallizing agent to protect delicate marble and natural stones.<br \/>\nThe protective film resulting from surface treatment has a high degree of shine.<br \/>\nVolume: 5kg<\/p>","protected":false},"excerpt":{"rendered":"<p>Cristalizant complet \u00een pulbere, pe baz\u0103 de oxizi pentru protejarea suprafe\u021belor delicate din marmur\u0103 \u0219i pietre naturale. Pelicula protectiv\u0103 rezultat\u0103 \u00een urma trat\u0103rii suprafe\u021belor are un grad mare de str\u0103lucire. Cantitate: 5kg<\/p>","protected":false},"featured_media":6650,"comment_status":"closed","ping_status":"closed","template":"","meta":[],"product_cat":[71,81],"product_tag":[169],"class_list":["post-6035","product","type-product","status-publish","has-post-thumbnail","hentry","product_cat-detergenti-si-dezinfectanti-profesionali","product_cat-detergenti-speciali","product_tag-detergent","pa_brand-sanidet"],"_links":{"self":[{"href":"https:\/\/toreco.md\/en\/wp-json\/wp\/v2\/product\/6035","targetHints":{"allow":["GET"]}}],"collection":[{"href":"https:\/\/toreco.md\/en\/wp-json\/wp\/v2\/product"}],"about":[{"href":"https:\/\/toreco.md\/en\/wp-json\/wp\/v2\/types\/product"}],"replies":[{"embeddable":true,"href":"https:\/\/toreco.md\/en\/wp-json\/wp\/v2\/comments?post=6035"}],"wp:featuredmedia":[{"embeddable":true,"href":"https:\/\/toreco.md\/en\/wp-json\/wp\/v2\/media\/6650"}],"wp:attachment":[{"href":"https:\/\/toreco.md\/en\/wp-json\/wp\/v2\/media?parent=6035"}],"wp:term":[{"taxonomy":"product_cat","embeddable":true,"href":"https:\/\/toreco.md\/en\/wp-json\/wp\/v2\/product_cat?post=6035"},{"taxonomy":"product_tag","embeddable":true,"href":"https:\/\/toreco.md\/en\/wp-json\/wp\/v2\/product_tag?post=6035"}],"curies":[{"name":"wp","href":"https:\/\/api.w.org\/{rel}","templated":true}]}}