{"id":6028,"date":"2021-06-17T09:55:38","date_gmt":"2021-06-17T06:55:38","guid":{"rendered":"https:\/\/toreco.md\/?post_type=product&#038;p=6028"},"modified":"2025-03-12T15:47:42","modified_gmt":"2025-03-12T13:47:42","slug":"inox-gel-detergent-antirugina","status":"publish","type":"product","link":"https:\/\/toreco.md\/en\/product\/dupa-tip\/detergenti-si-dezinfectanti-profesionali\/detergenti-speciali\/inox-gel-detergent-antirugina\/","title":{"rendered":"INOX-GEL, Gel acid for dissolve and remove rust and salt deposits on the surface"},"content":{"rendered":"<p>Gel acid product was specifically designed to dissolve and remove rust and salt deposits on the surface of stainless steel and iron-containing alloys.<br \/>\nThe gel is distributed on vertical surfaces and does not leak for a long time, giving more exposure time.<\/p>\n<p>Volume: 10 kg<\/p>","protected":false},"excerpt":{"rendered":"<p>Produs acid sub form\u0103 de gel a fost special conceput pentru a dizolva \u0219i \u00eendep\u0103rta depunerile de rugin\u0103 \u0219i sare de pe suprafa\u021ba o\u021belului inoxidabil \u0219i a aliajelor care con\u021bin fier. Gelul este distribuit pe suprafe\u021be verticale \u0219i nu se scurge timp \u00eendelungat, oferind mai mult timp de expunere. Cantitate: 10 kg<\/p>","protected":false},"featured_media":6654,"comment_status":"closed","ping_status":"closed","template":"","meta":[],"product_cat":[71,81],"product_tag":[169],"class_list":["post-6028","product","type-product","status-publish","has-post-thumbnail","hentry","product_cat-detergenti-si-dezinfectanti-profesionali","product_cat-detergenti-speciali","product_tag-detergent","pa_brand-chem-italia"],"_links":{"self":[{"href":"https:\/\/toreco.md\/en\/wp-json\/wp\/v2\/product\/6028","targetHints":{"allow":["GET"]}}],"collection":[{"href":"https:\/\/toreco.md\/en\/wp-json\/wp\/v2\/product"}],"about":[{"href":"https:\/\/toreco.md\/en\/wp-json\/wp\/v2\/types\/product"}],"replies":[{"embeddable":true,"href":"https:\/\/toreco.md\/en\/wp-json\/wp\/v2\/comments?post=6028"}],"wp:featuredmedia":[{"embeddable":true,"href":"https:\/\/toreco.md\/en\/wp-json\/wp\/v2\/media\/6654"}],"wp:attachment":[{"href":"https:\/\/toreco.md\/en\/wp-json\/wp\/v2\/media?parent=6028"}],"wp:term":[{"taxonomy":"product_cat","embeddable":true,"href":"https:\/\/toreco.md\/en\/wp-json\/wp\/v2\/product_cat?post=6028"},{"taxonomy":"product_tag","embeddable":true,"href":"https:\/\/toreco.md\/en\/wp-json\/wp\/v2\/product_tag?post=6028"}],"curies":[{"name":"wp","href":"https:\/\/api.w.org\/{rel}","templated":true}]}}