{"id":5991,"date":"2021-06-16T17:07:43","date_gmt":"2021-06-16T14:07:43","guid":{"rendered":"https:\/\/toreco.md\/?post_type=product&#038;p=5991"},"modified":"2026-02-02T13:57:20","modified_gmt":"2026-02-02T11:57:20","slug":"bacsurf-el-300-detergent-suprafete-bucatarie","status":"publish","type":"product","link":"https:\/\/toreco.md\/en\/product\/dupa-tip\/detergenti-si-dezinfectanti-profesionali\/curatare-pardoseli-si-suprafete\/bacsurf-el-300-detergent-suprafete-bucatarie\/","title":{"rendered":"BACSURF EL 300, detergent for kitchen surfaces"},"content":{"rendered":"<p>Concentrated detergent, disinfectant. Neutral, foaming and fragrance-free for food contact areas. Allows effective cleaning and destroys microorganisms in food preparation areas.<br \/>\nEasily removes fat and oil and destroys microorganisms in food preparation areas.<br \/>\nVolume: 5L<\/p>","protected":false},"excerpt":{"rendered":"<p>Detergent, dezinfectant concentrat, spumant, neutru \u0219i f\u0103r\u0103 parfum pentru suprafe\u021bele care intr\u0103 \u00een contact cu alimentele. Asigur\u0103 cur\u0103\u021barea eficient\u0103 \u0219i distruge microorganismele din zonele de preparare a alimentelor. Cantitate: 5l<\/p>","protected":false},"featured_media":6703,"comment_status":"closed","ping_status":"closed","template":"","meta":[],"product_cat":[34,42,44,40,71,79],"product_tag":[169],"class_list":["post-5991","product","type-product","status-publish","has-post-thumbnail","hentry","product_cat-hotel","product_cat-industria-de-producere-si-prelucrare","product_cat-institutii-de-invatamint","product_cat-restaurant-si-bucatarie","product_cat-detergenti-si-dezinfectanti-profesionali","product_cat-curatare-pardoseli-si-suprafete","product_tag-detergent","pa_brand-ecolab"],"_links":{"self":[{"href":"https:\/\/toreco.md\/en\/wp-json\/wp\/v2\/product\/5991","targetHints":{"allow":["GET"]}}],"collection":[{"href":"https:\/\/toreco.md\/en\/wp-json\/wp\/v2\/product"}],"about":[{"href":"https:\/\/toreco.md\/en\/wp-json\/wp\/v2\/types\/product"}],"replies":[{"embeddable":true,"href":"https:\/\/toreco.md\/en\/wp-json\/wp\/v2\/comments?post=5991"}],"wp:featuredmedia":[{"embeddable":true,"href":"https:\/\/toreco.md\/en\/wp-json\/wp\/v2\/media\/6703"}],"wp:attachment":[{"href":"https:\/\/toreco.md\/en\/wp-json\/wp\/v2\/media?parent=5991"}],"wp:term":[{"taxonomy":"product_cat","embeddable":true,"href":"https:\/\/toreco.md\/en\/wp-json\/wp\/v2\/product_cat?post=5991"},{"taxonomy":"product_tag","embeddable":true,"href":"https:\/\/toreco.md\/en\/wp-json\/wp\/v2\/product_tag?post=5991"}],"curies":[{"name":"wp","href":"https:\/\/api.w.org\/{rel}","templated":true}]}}