{"id":5978,"date":"2021-06-16T15:37:36","date_gmt":"2021-06-16T12:37:36","guid":{"rendered":"https:\/\/toreco.md\/?post_type=product&#038;p=5978"},"modified":"2025-06-20T11:20:35","modified_gmt":"2025-06-20T08:20:35","slug":"helios-brillant-solutie-pentru-curatire-lustruire-inox","status":"publish","type":"product","link":"https:\/\/toreco.md\/en\/product\/dupa-tip\/detergenti-si-dezinfectanti-profesionali\/detergenti-speciali\/helios-brillant-solutie-pentru-curatire-lustruire-inox\/","title":{"rendered":"HELIOS BRILLANT, cleaner ceramic hob and stainless steel"},"content":{"rendered":"<p>Helios brillant clean and care all surfaces of stainless steel, chromium, nickel, brass, pots, enamel resistant At acids and ceramic hobs, Also suitable for the REMOVAL of friction of metal on porcelain and ceramic<br \/>\nAlso suitable for removing metal abrasion on porcelain and glass ceramics.<\/p>\n<p>Volume: 500 ml<\/p>","protected":false},"excerpt":{"rendered":"<p>Helios Brillant cur\u0103\u021b\u0103 \u0219i \u00eengrije\u0219te toate suprafe\u021bele din o\u021bel inoxidabil, crom, nichel, alam\u0103, vase de g\u0103tit, emailuri rezistente la acizi \u0219i plite din sticl\u0103 ceramic\u0103. De asemenea, potrivit pentru \u00eendep\u0103rtarea abraziunii metalice pe por\u021belan \u0219i ceramic\u0103 din sticl\u0103. Cantitate: 500ml<\/p>","protected":false},"featured_media":6670,"comment_status":"closed","ping_status":"closed","template":"","meta":[],"product_cat":[71,81],"product_tag":[169],"class_list":["post-5978","product","type-product","status-publish","has-post-thumbnail","hentry","product_cat-detergenti-si-dezinfectanti-profesionali","product_cat-detergenti-speciali","product_tag-detergent","pa_brand-ecolab"],"_links":{"self":[{"href":"https:\/\/toreco.md\/en\/wp-json\/wp\/v2\/product\/5978","targetHints":{"allow":["GET"]}}],"collection":[{"href":"https:\/\/toreco.md\/en\/wp-json\/wp\/v2\/product"}],"about":[{"href":"https:\/\/toreco.md\/en\/wp-json\/wp\/v2\/types\/product"}],"replies":[{"embeddable":true,"href":"https:\/\/toreco.md\/en\/wp-json\/wp\/v2\/comments?post=5978"}],"wp:featuredmedia":[{"embeddable":true,"href":"https:\/\/toreco.md\/en\/wp-json\/wp\/v2\/media\/6670"}],"wp:attachment":[{"href":"https:\/\/toreco.md\/en\/wp-json\/wp\/v2\/media?parent=5978"}],"wp:term":[{"taxonomy":"product_cat","embeddable":true,"href":"https:\/\/toreco.md\/en\/wp-json\/wp\/v2\/product_cat?post=5978"},{"taxonomy":"product_tag","embeddable":true,"href":"https:\/\/toreco.md\/en\/wp-json\/wp\/v2\/product_tag?post=5978"}],"curies":[{"name":"wp","href":"https:\/\/api.w.org\/{rel}","templated":true}]}}