{"id":5971,"date":"2021-06-16T14:45:39","date_gmt":"2021-06-16T11:45:39","guid":{"rendered":"https:\/\/toreco.md\/?post_type=product&#038;p=5971"},"modified":"2025-08-19T14:58:52","modified_gmt":"2025-08-19T11:58:52","slug":"odorizant-siliconic-pisoar-2","status":"publish","type":"product","link":"https:\/\/toreco.md\/en\/product\/dupa-tip\/sapun-si-odorizanti\/odorizanti-siliconici\/odorizant-siliconic-pisoar-2\/","title":{"rendered":"Screens urinal"},"content":{"rendered":"<p>The new urinal deodorant retina has a revolutionary design that adapts to all types of urinals.<br \/>\nEnsures a perfect visibility of the toilets and easy removal of urine.<br \/>\nParticularitatea func\u021bion\u0103rii sale este emiterea &#8220;particulelor bune&#8221; care elimin\u0103 mirosurile de urin\u0103. <\/p>","protected":false},"excerpt":{"rendered":"<p>Red urinal silicone air freshener<\/p>","protected":false},"featured_media":6759,"comment_status":"closed","ping_status":"closed","template":"","meta":[],"product_cat":[45,34,42,44,43,40,41,46,83,88],"product_tag":[172],"class_list":["post-5971","product","type-product","status-publish","has-post-thumbnail","hentry","product_cat-industria-auto","product_cat-hotel","product_cat-industria-de-producere-si-prelucrare","product_cat-institutii-de-invatamint","product_cat-medicina","product_cat-restaurant-si-bucatarie","product_cat-servicii-de-curatenie","product_cat-sport-si-fitness","product_cat-sapun-si-odorizanti","product_cat-odorizanti-siliconici","product_tag-odorizant","pa_brand-sanitec"],"_links":{"self":[{"href":"https:\/\/toreco.md\/en\/wp-json\/wp\/v2\/product\/5971","targetHints":{"allow":["GET"]}}],"collection":[{"href":"https:\/\/toreco.md\/en\/wp-json\/wp\/v2\/product"}],"about":[{"href":"https:\/\/toreco.md\/en\/wp-json\/wp\/v2\/types\/product"}],"replies":[{"embeddable":true,"href":"https:\/\/toreco.md\/en\/wp-json\/wp\/v2\/comments?post=5971"}],"wp:featuredmedia":[{"embeddable":true,"href":"https:\/\/toreco.md\/en\/wp-json\/wp\/v2\/media\/6759"}],"wp:attachment":[{"href":"https:\/\/toreco.md\/en\/wp-json\/wp\/v2\/media?parent=5971"}],"wp:term":[{"taxonomy":"product_cat","embeddable":true,"href":"https:\/\/toreco.md\/en\/wp-json\/wp\/v2\/product_cat?post=5971"},{"taxonomy":"product_tag","embeddable":true,"href":"https:\/\/toreco.md\/en\/wp-json\/wp\/v2\/product_tag?post=5971"}],"curies":[{"name":"wp","href":"https:\/\/api.w.org\/{rel}","templated":true}]}}