{"id":5966,"date":"2021-06-16T14:25:40","date_gmt":"2021-06-16T11:25:40","guid":{"rendered":"https:\/\/toreco.md\/?post_type=product&#038;p=5966"},"modified":"2025-08-06T07:32:53","modified_gmt":"2025-08-06T04:32:53","slug":"spot-detergent-pentru-pixuri","status":"publish","type":"product","link":"https:\/\/toreco.md\/en\/product\/dupa-tip\/detergenti-si-dezinfectanti-profesionali\/detergenti-speciali\/spot-detergent-pentru-pixuri\/","title":{"rendered":"SPOT, for cleaning pen, ink, marker, ink, graphite, stamps"},"content":{"rendered":"<p>Specific cleaner for removing marks made by felt tip pens, ballpoint pens and ink from desks, tables, drafting machines, computer keyboards etc.<br \/>\nts components make it very effective and quick to work.<br \/>\nVolume: 750ml<\/p>","protected":false},"excerpt":{"rendered":"<p>Detergentul este utilizat pentru \u00eendep\u0103rtarea urmelor de stilou \u0219i cerneal\u0103 de pe masa de birou, tastatur\u0103 \u0219.a. Formula special\u0103 asigur\u0103 eficien\u021b\u0103 \u0219i vitez\u0103 sporit\u0103 de cur\u0103\u021bare. Cantitate: 750ml<\/p>","protected":false},"featured_media":6674,"comment_status":"closed","ping_status":"closed","template":"","meta":[],"product_cat":[71,81],"product_tag":[169],"class_list":["post-5966","product","type-product","status-publish","has-post-thumbnail","hentry","product_cat-detergenti-si-dezinfectanti-profesionali","product_cat-detergenti-speciali","product_tag-detergent","pa_brand-chem-italia"],"_links":{"self":[{"href":"https:\/\/toreco.md\/en\/wp-json\/wp\/v2\/product\/5966","targetHints":{"allow":["GET"]}}],"collection":[{"href":"https:\/\/toreco.md\/en\/wp-json\/wp\/v2\/product"}],"about":[{"href":"https:\/\/toreco.md\/en\/wp-json\/wp\/v2\/types\/product"}],"replies":[{"embeddable":true,"href":"https:\/\/toreco.md\/en\/wp-json\/wp\/v2\/comments?post=5966"}],"wp:featuredmedia":[{"embeddable":true,"href":"https:\/\/toreco.md\/en\/wp-json\/wp\/v2\/media\/6674"}],"wp:attachment":[{"href":"https:\/\/toreco.md\/en\/wp-json\/wp\/v2\/media?parent=5966"}],"wp:term":[{"taxonomy":"product_cat","embeddable":true,"href":"https:\/\/toreco.md\/en\/wp-json\/wp\/v2\/product_cat?post=5966"},{"taxonomy":"product_tag","embeddable":true,"href":"https:\/\/toreco.md\/en\/wp-json\/wp\/v2\/product_tag?post=5966"}],"curies":[{"name":"wp","href":"https:\/\/api.w.org\/{rel}","templated":true}]}}