{"id":5881,"date":"2021-06-16T11:25:29","date_gmt":"2021-06-16T08:25:29","guid":{"rendered":"https:\/\/toreco.md\/?post_type=product&#038;p=5881"},"modified":"2026-04-03T09:41:43","modified_gmt":"2026-04-03T06:41:43","slug":"ultrasan-detergent-concentrat-igienizare-curatare","status":"publish","type":"product","link":"https:\/\/toreco.md\/en\/product\/dupa-tip\/detergenti-si-dezinfectanti-profesionali\/bucatarie\/ultrasan-detergent-concentrat-igienizare-curatare\/","title":{"rendered":"ULTRASAN, Concentrated Cleaning and Sanitizing Detergent"},"content":{"rendered":"<p>Detergent concentrat f\u0103r\u0103 parfum, pe baz\u0103 de clorhidrat, este potrivit pentru cur\u0103\u021barea suprafe\u021belor \u00een sectorul alimentar \u0219i \u00een domeniul s\u0103n\u0103\u021bii publice.<br \/>\nIt is suitable for sanitising surfaces in food and sanitary sectors, and it is effective against gram positive and gram negative organisms, yeasts and mould, fungi and various viruses.<\/p>\n<p>Volume: 5kg <\/p>","protected":false},"excerpt":{"rendered":"<p>Concentrated odourless sanitiser, based on didecyl dimethyl ammonium chloride.<\/p>","protected":false},"featured_media":5923,"comment_status":"closed","ping_status":"closed","template":"","meta":[],"product_cat":[74,34,42,44,43,40,41,71],"product_tag":[158],"class_list":["post-5881","product","type-product","status-publish","has-post-thumbnail","hentry","product_cat-bucatarie","product_cat-hotel","product_cat-industria-de-producere-si-prelucrare","product_cat-institutii-de-invatamint","product_cat-medicina","product_cat-restaurant-si-bucatarie","product_cat-servicii-de-curatenie","product_cat-detergenti-si-dezinfectanti-profesionali","product_tag-igienizant","pa_brand-chem-italia"],"_links":{"self":[{"href":"https:\/\/toreco.md\/en\/wp-json\/wp\/v2\/product\/5881","targetHints":{"allow":["GET"]}}],"collection":[{"href":"https:\/\/toreco.md\/en\/wp-json\/wp\/v2\/product"}],"about":[{"href":"https:\/\/toreco.md\/en\/wp-json\/wp\/v2\/types\/product"}],"replies":[{"embeddable":true,"href":"https:\/\/toreco.md\/en\/wp-json\/wp\/v2\/comments?post=5881"}],"wp:featuredmedia":[{"embeddable":true,"href":"https:\/\/toreco.md\/en\/wp-json\/wp\/v2\/media\/5923"}],"wp:attachment":[{"href":"https:\/\/toreco.md\/en\/wp-json\/wp\/v2\/media?parent=5881"}],"wp:term":[{"taxonomy":"product_cat","embeddable":true,"href":"https:\/\/toreco.md\/en\/wp-json\/wp\/v2\/product_cat?post=5881"},{"taxonomy":"product_tag","embeddable":true,"href":"https:\/\/toreco.md\/en\/wp-json\/wp\/v2\/product_tag?post=5881"}],"curies":[{"name":"wp","href":"https:\/\/api.w.org\/{rel}","templated":true}]}}