{"id":5848,"date":"2021-06-16T09:50:19","date_gmt":"2021-06-16T06:50:19","guid":{"rendered":"https:\/\/toreco.md\/?post_type=product&#038;p=5848"},"modified":"2026-04-09T08:57:45","modified_gmt":"2026-04-09T05:57:45","slug":"drysan-oxy-dezinfectant-pentru-suprafete-bucatarie-2","status":"publish","type":"product","link":"https:\/\/toreco.md\/en\/product\/dupa-tip\/detergenti-si-dezinfectanti-profesionali\/dezinfectanti-suprafete\/drysan-oxy-dezinfectant-pentru-suprafete-bucatarie-2\/","title":{"rendered":"DRYSAN OXY, disinfectant for kitchen surfaces"},"content":{"rendered":"<p>Highly effective, ready to use no-rinse cleaner &amp; disinfectant spray. Based on Hi-speed H2O2 Technology, fragrance-free formula compatible with a wide range of surfaces.<\/p>\n<p><strong>O sticl\u0103 de <a href=\"https:\/\/www.youtube.com\/watch?v=iGQbwt2hkik\" target=\"_blank\" title=\"Dry SanOxy - detergent de cur\u0103\u021bare \u0219i dezinfectant f\u0103r\u0103 cl\u0103tire, H2O2\" rel=\"noopener\">Dry SanOxy<\/a> cur\u0103\u021b\u0103 \u0219i dezinfecteaz\u0103 p\u00e2n\u0103 la 200 m2<\/strong><\/p>\n<p>Performance matters:<br \/>\nInnovative H2O2 formulation which covers a broad efficacy spectrum<br \/>\nDestroys odors, degreases and delimes<br \/>\nShort contact times<br \/>\nConvenient and fast in use<br \/>\nSaves time: disinfects &amp; cleans in one step<br \/>\nExcellent material compatibility and cleaning performance<br \/>\nNo rinse required<br \/>\nDosage: ready to use.<\/p>\n<p>Safety matters:<br \/>\nBased on Hi-speed H2O2 Technology<br \/>\nActive ingredients decompose into water and oxygen when used<br \/>\nWorkplace safety: No PPE required<\/p>\n<p>Sustainability matters:<br \/>\nMaking a positive environmental impact<br \/>\n100% solvent<\/p>\n<p>It is used in the food and beverage industries.<br \/>\nCleans and disinfects in one step.<br \/>\nEasy to use \u2013 no dosing or mixing and safe for surfaces that come into contact with food.<\/p>\n<p>Volume: 1L<\/p>","protected":false},"excerpt":{"rendered":"<p>Highly effective, ready to use no-rinse cleaner &amp; disinfectant spray. Based on Hi-speed H2O2 Technology, fragrance-free formula compatible with a wide range of surfaces. Disinfectant Detergent based on peroxide.<\/p>","protected":false},"featured_media":5941,"comment_status":"closed","ping_status":"closed","template":"","meta":[],"product_cat":[34,42,44,40,41,71,80],"product_tag":[158],"class_list":["post-5848","product","type-product","status-publish","has-post-thumbnail","hentry","product_cat-hotel","product_cat-industria-de-producere-si-prelucrare","product_cat-institutii-de-invatamint","product_cat-restaurant-si-bucatarie","product_cat-servicii-de-curatenie","product_cat-detergenti-si-dezinfectanti-profesionali","product_cat-dezinfectanti-suprafete","product_tag-igienizant","pa_brand-ecolab"],"_links":{"self":[{"href":"https:\/\/toreco.md\/en\/wp-json\/wp\/v2\/product\/5848","targetHints":{"allow":["GET"]}}],"collection":[{"href":"https:\/\/toreco.md\/en\/wp-json\/wp\/v2\/product"}],"about":[{"href":"https:\/\/toreco.md\/en\/wp-json\/wp\/v2\/types\/product"}],"replies":[{"embeddable":true,"href":"https:\/\/toreco.md\/en\/wp-json\/wp\/v2\/comments?post=5848"}],"wp:featuredmedia":[{"embeddable":true,"href":"https:\/\/toreco.md\/en\/wp-json\/wp\/v2\/media\/5941"}],"wp:attachment":[{"href":"https:\/\/toreco.md\/en\/wp-json\/wp\/v2\/media?parent=5848"}],"wp:term":[{"taxonomy":"product_cat","embeddable":true,"href":"https:\/\/toreco.md\/en\/wp-json\/wp\/v2\/product_cat?post=5848"},{"taxonomy":"product_tag","embeddable":true,"href":"https:\/\/toreco.md\/en\/wp-json\/wp\/v2\/product_tag?post=5848"}],"curies":[{"name":"wp","href":"https:\/\/api.w.org\/{rel}","templated":true}]}}