{"id":5833,"date":"2021-06-15T16:44:41","date_gmt":"2021-06-15T13:44:41","guid":{"rendered":"https:\/\/toreco.md\/?post_type=product&#038;p=5833"},"modified":"2023-02-21T15:12:08","modified_gmt":"2023-02-21T13:12:08","slug":"stovi-net-detergent-pentru-vesela-cu-clor-pentru-masina-de-spalat-vase-2","status":"publish","type":"product","link":"https:\/\/toreco.md\/en\/product\/dupa-tip\/detergenti-si-dezinfectanti-profesionali\/bucatarie\/stovi-net-detergent-pentru-vesela-cu-clor-pentru-masina-de-spalat-vase-2\/","title":{"rendered":"STOVI-NET, active chlorine liquid detergent used for automatic dishwashers"},"content":{"rendered":"<p>The active chlorine liquid detergent used for automatic dishwashers ensures the cleanliness and hygiene of plates, glasses, cutlery and dishes in general.<br \/>\nIt works great even in water with high hardness<br \/>\nVolume: 30kg<\/p>","protected":false},"excerpt":{"rendered":"<p>Detergentul lichid cu clor activ, utilizat pentru ma\u0219ini automate de sp\u0103lat vase, asigur\u0103 cur\u0103\u021benia \u0219i igiena farfuriilor, paharelor, tac\u00e2murilor \u0219i a veselei \u00een general. Func\u021bioneaz\u0103 excelent chiar \u0219i \u00een ap\u0103 cu duritate mare. Cantitate: 30kg<\/p>","protected":false},"featured_media":6898,"comment_status":"closed","ping_status":"closed","template":"","meta":[],"product_cat":[34,40,41,71,74],"product_tag":[169],"class_list":["post-5833","product","type-product","status-publish","has-post-thumbnail","hentry","product_cat-hotel","product_cat-restaurant-si-bucatarie","product_cat-servicii-de-curatenie","product_cat-detergenti-si-dezinfectanti-profesionali","product_cat-bucatarie","product_tag-detergent","pa_brand-chem-italia"],"_links":{"self":[{"href":"https:\/\/toreco.md\/en\/wp-json\/wp\/v2\/product\/5833","targetHints":{"allow":["GET"]}}],"collection":[{"href":"https:\/\/toreco.md\/en\/wp-json\/wp\/v2\/product"}],"about":[{"href":"https:\/\/toreco.md\/en\/wp-json\/wp\/v2\/types\/product"}],"replies":[{"embeddable":true,"href":"https:\/\/toreco.md\/en\/wp-json\/wp\/v2\/comments?post=5833"}],"wp:featuredmedia":[{"embeddable":true,"href":"https:\/\/toreco.md\/en\/wp-json\/wp\/v2\/media\/6898"}],"wp:attachment":[{"href":"https:\/\/toreco.md\/en\/wp-json\/wp\/v2\/media?parent=5833"}],"wp:term":[{"taxonomy":"product_cat","embeddable":true,"href":"https:\/\/toreco.md\/en\/wp-json\/wp\/v2\/product_cat?post=5833"},{"taxonomy":"product_tag","embeddable":true,"href":"https:\/\/toreco.md\/en\/wp-json\/wp\/v2\/product_tag?post=5833"}],"curies":[{"name":"wp","href":"https:\/\/api.w.org\/{rel}","templated":true}]}}