{"id":5790,"date":"2021-06-15T14:46:00","date_gmt":"2021-06-15T11:46:00","guid":{"rendered":"https:\/\/toreco.md\/?post_type=product&#038;p=5790"},"modified":"2026-03-05T16:19:16","modified_gmt":"2026-03-05T14:19:16","slug":"maxx2-bendurol-decapant-de-pardoseli-universal","status":"publish","type":"product","link":"https:\/\/toreco.md\/en\/product\/dupa-tip\/detergenti-si-dezinfectanti-profesionali\/curatare-pardoseli-si-suprafete\/maxx2-bendurol-decapant-de-pardoseli-universal\/","title":{"rendered":"MAXX2 BENDUROL, Universal floor screed"},"content":{"rendered":"<p>Universal floor screed, which easily and efficiently removes multiple protective layers and polymer dispersions. The small amount of foam created due to a non-ammonia formula is based on a new generation of raw materials with excellent biodegradable properties.<\/p>\n<p>Volume: 5L<\/p>","protected":false},"excerpt":{"rendered":"<p>Decapant de pardoseli universal, care \u00eenlatur\u0103 cu u\u0219urin\u021b\u0103 \u0219i eficient straturile protectoare multiple \u0219i dispersiile pe baz\u0103 de polimeri. Cantitatea mic\u0103 de spum\u0103 creat\u0103 datorat\u0103 unei formule f\u0103r\u0103 amoniac se bazeaz\u0103 pe o nou\u0103 genera\u021bie de materii prime cu excelente propriet\u0103\u021bi biodegradabile. Cantitate: 5l<\/p>","protected":false},"featured_media":6613,"comment_status":"closed","ping_status":"closed","template":"","meta":[],"product_cat":[34,42,44,43,40,41,46,71,79],"product_tag":[169],"class_list":["post-5790","product","type-product","status-publish","has-post-thumbnail","hentry","product_cat-hotel","product_cat-industria-de-producere-si-prelucrare","product_cat-institutii-de-invatamint","product_cat-medicina","product_cat-restaurant-si-bucatarie","product_cat-servicii-de-curatenie","product_cat-sport-si-fitness","product_cat-detergenti-si-dezinfectanti-profesionali","product_cat-curatare-pardoseli-si-suprafete","product_tag-detergent","pa_brand-ecolab"],"_links":{"self":[{"href":"https:\/\/toreco.md\/en\/wp-json\/wp\/v2\/product\/5790","targetHints":{"allow":["GET"]}}],"collection":[{"href":"https:\/\/toreco.md\/en\/wp-json\/wp\/v2\/product"}],"about":[{"href":"https:\/\/toreco.md\/en\/wp-json\/wp\/v2\/types\/product"}],"replies":[{"embeddable":true,"href":"https:\/\/toreco.md\/en\/wp-json\/wp\/v2\/comments?post=5790"}],"wp:featuredmedia":[{"embeddable":true,"href":"https:\/\/toreco.md\/en\/wp-json\/wp\/v2\/media\/6613"}],"wp:attachment":[{"href":"https:\/\/toreco.md\/en\/wp-json\/wp\/v2\/media?parent=5790"}],"wp:term":[{"taxonomy":"product_cat","embeddable":true,"href":"https:\/\/toreco.md\/en\/wp-json\/wp\/v2\/product_cat?post=5790"},{"taxonomy":"product_tag","embeddable":true,"href":"https:\/\/toreco.md\/en\/wp-json\/wp\/v2\/product_tag?post=5790"}],"curies":[{"name":"wp","href":"https:\/\/api.w.org\/{rel}","templated":true}]}}