{"id":5743,"date":"2021-06-15T13:18:36","date_gmt":"2021-06-15T10:18:36","guid":{"rendered":"https:\/\/toreco.md\/?post_type=product&#038;p=5743"},"modified":"2025-05-14T12:54:25","modified_gmt":"2025-05-14T09:54:25","slug":"neutro-pavy-fiori-bianchi-detergent-pardoseli","status":"publish","type":"product","link":"https:\/\/toreco.md\/en\/product\/dupa-tip\/detergenti-si-dezinfectanti-profesionali\/curatare-pardoseli-si-suprafete\/neutro-pavy-fiori-bianchi-detergent-pardoseli\/","title":{"rendered":"Neutro Pavy, floor cleaner for delicate surfaces, 5 kg"},"content":{"rendered":"<p>Concentrated floor cleaner for delicate surfaces, with neutral pH and sanitizing effect, specially designed for the maintenance of delicate or wax-treated surfaces. It does not damage cleaned surfaces, ensures their shine, and has a deodorizing effect. Effective against all types of dirt, it does not dull or leave detergent residues on surfaces after washing. No rinsing required. Fragranced product with deodorizing effect. Recommended for H.A.C.C.P. cleaning plans. The product is 90% biodegradable.<\/p>\n<p>Usage: Cleaning and maintenance of surfaces\/floors that require a neutral pH detergent, such as marble, granite, travertine, natural stone, and parquet. Also recommended for waxed or crystallized surfaces. Use the product according to the label and instructions for use.<\/p>\n<p>Domeniu de utilizare: Industria alimentar\u0103 \u015fi agroalimentar\u0103, buc\u0103t\u0103rii profesionale, sistemul Ho.Re.Ca, industria hotelier\u0103, firme de catering, m\u0103cel\u0103rii, patiserii, cantine, restaurante, fast &#8211; food etc.<\/p>\n<p>Dosage: request the product technical sheet.<\/p>\n<p>Volume: 5kg<\/p>","protected":false},"excerpt":{"rendered":"<p>Concentrated floor cleaner for delicate surfaces, with neutral pH and sanitizing effect, specially designed for the maintenance of delicate or wax-treated surfaces. It does not damage cleaned surfaces, ensures their shine, and has a deodorizing effect. Effective against all types of dirt, it does not dull or leave detergent residues on surfaces after washing. No rinsing required. Fragranced product with deodorizing effect. Recommended for H.A.C.C.P. cleaning plans. The product is 90% biodegradable.<\/p>","protected":false},"featured_media":13838,"comment_status":"closed","ping_status":"closed","template":"","meta":[],"product_cat":[79,34,42,44,43,40,41,46,71],"product_tag":[169],"class_list":["post-5743","product","type-product","status-publish","has-post-thumbnail","hentry","product_cat-curatare-pardoseli-si-suprafete","product_cat-hotel","product_cat-industria-de-producere-si-prelucrare","product_cat-institutii-de-invatamint","product_cat-medicina","product_cat-restaurant-si-bucatarie","product_cat-servicii-de-curatenie","product_cat-sport-si-fitness","product_cat-detergenti-si-dezinfectanti-profesionali","product_tag-detergent","pa_brand-sanidet"],"_links":{"self":[{"href":"https:\/\/toreco.md\/en\/wp-json\/wp\/v2\/product\/5743","targetHints":{"allow":["GET"]}}],"collection":[{"href":"https:\/\/toreco.md\/en\/wp-json\/wp\/v2\/product"}],"about":[{"href":"https:\/\/toreco.md\/en\/wp-json\/wp\/v2\/types\/product"}],"replies":[{"embeddable":true,"href":"https:\/\/toreco.md\/en\/wp-json\/wp\/v2\/comments?post=5743"}],"wp:featuredmedia":[{"embeddable":true,"href":"https:\/\/toreco.md\/en\/wp-json\/wp\/v2\/media\/13838"}],"wp:attachment":[{"href":"https:\/\/toreco.md\/en\/wp-json\/wp\/v2\/media?parent=5743"}],"wp:term":[{"taxonomy":"product_cat","embeddable":true,"href":"https:\/\/toreco.md\/en\/wp-json\/wp\/v2\/product_cat?post=5743"},{"taxonomy":"product_tag","embeddable":true,"href":"https:\/\/toreco.md\/en\/wp-json\/wp\/v2\/product_tag?post=5743"}],"curies":[{"name":"wp","href":"https:\/\/api.w.org\/{rel}","templated":true}]}}