{"id":5726,"date":"2021-06-15T13:27:34","date_gmt":"2021-06-15T10:27:34","guid":{"rendered":"https:\/\/toreco.md\/?post_type=product&#038;p=5726"},"modified":"2025-04-08T14:46:24","modified_gmt":"2025-04-08T11:46:24","slug":"lavamani-industria-sapun-industrial-pentru-maini","status":"publish","type":"product","link":"https:\/\/toreco.md\/en\/product\/dupa-tip\/sapun-si-odorizanti\/sapun-lichid\/lavamani-industria-sapun-industrial-pentru-maini\/","title":{"rendered":"LAVAMANI INDUSTRIA Industrial hand soap"},"content":{"rendered":"<p>The special formula ensures a greater cleansing power of grease, oil, rust, inks, etc., without having negative effects on the skin.<br \/>\nThe product respects the natural pH of the skin, leaving it velvety and pleasantly scented.<br \/>\nThe product respects the natural pH of the skin, leaving it velvety and pleasantly scented.<br \/>\nFields of use: Car service, vulcanizations, locksmiths, mechanical workshops, constructions, mechanical industry, etc.<br \/>\nVolume: 1kg.<\/p>","protected":false},"excerpt":{"rendered":"<p>Formula speciala asigur\u0103 o putere mai mare de cur\u0103\u0163are a gr\u0103simii, uleiului, ruginii, cernelii,etc, fara a avea efecte negative asupra pielii. Produsul respect\u0103 pH-ul natural al pielii l\u0103s\u00e2nd-o catifelata \u015fi pl\u0103cut parfumat\u0103. Recomandat \u00een mod deosebit pentru activitatile care necesita o curatare a mainilor foarte frecventa. Domenii de utilizare: Service auto, vulcanizari, lacatuserii, ateliere mecanice, [&hellip;]<\/p>","protected":false},"featured_media":6731,"comment_status":"closed","ping_status":"closed","template":"","meta":[],"product_cat":[45,42,41,83,84],"product_tag":[171],"class_list":["post-5726","product","type-product","status-publish","has-post-thumbnail","hentry","product_cat-industria-auto","product_cat-industria-de-producere-si-prelucrare","product_cat-servicii-de-curatenie","product_cat-sapun-si-odorizanti","product_cat-sapun-lichid","product_tag-sapun","pa_brand-sanitec"],"_links":{"self":[{"href":"https:\/\/toreco.md\/en\/wp-json\/wp\/v2\/product\/5726","targetHints":{"allow":["GET"]}}],"collection":[{"href":"https:\/\/toreco.md\/en\/wp-json\/wp\/v2\/product"}],"about":[{"href":"https:\/\/toreco.md\/en\/wp-json\/wp\/v2\/types\/product"}],"replies":[{"embeddable":true,"href":"https:\/\/toreco.md\/en\/wp-json\/wp\/v2\/comments?post=5726"}],"wp:featuredmedia":[{"embeddable":true,"href":"https:\/\/toreco.md\/en\/wp-json\/wp\/v2\/media\/6731"}],"wp:attachment":[{"href":"https:\/\/toreco.md\/en\/wp-json\/wp\/v2\/media?parent=5726"}],"wp:term":[{"taxonomy":"product_cat","embeddable":true,"href":"https:\/\/toreco.md\/en\/wp-json\/wp\/v2\/product_cat?post=5726"},{"taxonomy":"product_tag","embeddable":true,"href":"https:\/\/toreco.md\/en\/wp-json\/wp\/v2\/product_tag?post=5726"}],"curies":[{"name":"wp","href":"https:\/\/api.w.org\/{rel}","templated":true}]}}