{"id":5594,"date":"2021-06-14T15:26:57","date_gmt":"2021-06-14T12:26:57","guid":{"rendered":"https:\/\/toreco.md\/?post_type=product&#038;p=5594"},"modified":"2024-11-05T13:24:12","modified_gmt":"2024-11-05T11:24:12","slug":"sanikal-detergent-anticalcar","status":"publish","type":"product","link":"https:\/\/toreco.md\/en\/product\/dupa-tip\/detergenti-si-dezinfectanti-profesionali\/camera-de-baie-wc\/sanikal-detergent-anticalcar\/","title":{"rendered":"SANIKAL, anti-limescale detergent"},"content":{"rendered":"<p>Anti-lime detergent with antibacterial efect for removal of calcareous, dirt, traces of soap and water stains without a energetic rubbing from all surfaces and sanitary ware in bathrooms.<br \/>\nOdorizing effect. Use: sinks, shower, cabins, taps, chromed surfaces, ceramic etc.<br \/>\nVolume: 750ml<\/p>","protected":false},"excerpt":{"rendered":"<p>Detergent anticalcar cu efect antibacterian pentru \u00eendep\u0103rtarea murd\u0103riei calcaroase, urmelor de s\u0103pun \u0219i a petelor de ap\u0103 f\u0103r\u0103 o frecare energic\u0103 de pe toate suprafe\u021bele \u0219i obiectele sanitare care se g\u0103sesc \u00een b\u0103i. Efect odorizant. Utilizare: chiuvete, cabine de du\u0219, robinete, suprafe\u021be cromate, ceramic\u0103 etc. Cantitate: 750ml<\/p>","protected":false},"featured_media":5685,"comment_status":"closed","ping_status":"closed","template":"","meta":[],"product_cat":[34,44,43,40,41,46,71,78],"product_tag":[169],"class_list":["post-5594","product","type-product","status-publish","has-post-thumbnail","hentry","product_cat-hotel","product_cat-institutii-de-invatamint","product_cat-medicina","product_cat-restaurant-si-bucatarie","product_cat-servicii-de-curatenie","product_cat-sport-si-fitness","product_cat-detergenti-si-dezinfectanti-profesionali","product_cat-camera-de-baie-wc","product_tag-detergent","pa_brand-sanidet"],"_links":{"self":[{"href":"https:\/\/toreco.md\/en\/wp-json\/wp\/v2\/product\/5594","targetHints":{"allow":["GET"]}}],"collection":[{"href":"https:\/\/toreco.md\/en\/wp-json\/wp\/v2\/product"}],"about":[{"href":"https:\/\/toreco.md\/en\/wp-json\/wp\/v2\/types\/product"}],"replies":[{"embeddable":true,"href":"https:\/\/toreco.md\/en\/wp-json\/wp\/v2\/comments?post=5594"}],"wp:featuredmedia":[{"embeddable":true,"href":"https:\/\/toreco.md\/en\/wp-json\/wp\/v2\/media\/5685"}],"wp:attachment":[{"href":"https:\/\/toreco.md\/en\/wp-json\/wp\/v2\/media?parent=5594"}],"wp:term":[{"taxonomy":"product_cat","embeddable":true,"href":"https:\/\/toreco.md\/en\/wp-json\/wp\/v2\/product_cat?post=5594"},{"taxonomy":"product_tag","embeddable":true,"href":"https:\/\/toreco.md\/en\/wp-json\/wp\/v2\/product_tag?post=5594"}],"curies":[{"name":"wp","href":"https:\/\/api.w.org\/{rel}","templated":true}]}}