{"id":5464,"date":"2021-06-14T11:08:28","date_gmt":"2021-06-14T08:08:28","guid":{"rendered":"https:\/\/toreco.md\/?post_type=product&#038;p=5464"},"modified":"2025-11-11T14:00:32","modified_gmt":"2025-11-11T12:00:32","slug":"dip-it-plus-detergent-indepartare-pete-vesela","status":"publish","type":"product","link":"https:\/\/toreco.md\/en\/product\/dupa-tip\/detergenti-si-dezinfectanti-profesionali\/bucatarie\/dip-it-plus-detergent-indepartare-pete-vesela\/","title":{"rendered":"DIP IT PLUS - agent to remove food stains from plastic, dinnerware and ceramic"},"content":{"rendered":"<p>A destaining agent to remove food stains from plastic, dinnerware and ceramic \u2013 dish, bowl and melamine surfaces.<br \/>\nVolume: 2,4 kg<\/p>","protected":false},"excerpt":{"rendered":"<p>Agent de cur\u0103\u021bare destinat \u00eendep\u0103rt\u0103rii petelor alimentare de pe vesel\u0103, obiecte din plastic, ceramic\u0103 etc. Cantitate: 2,4kg<\/p>","protected":false},"featured_media":5503,"comment_status":"closed","ping_status":"closed","template":"","meta":[],"product_cat":[34,40,41,71,74],"product_tag":[169],"class_list":["post-5464","product","type-product","status-publish","has-post-thumbnail","hentry","product_cat-hotel","product_cat-restaurant-si-bucatarie","product_cat-servicii-de-curatenie","product_cat-detergenti-si-dezinfectanti-profesionali","product_cat-bucatarie","product_tag-detergent","pa_brand-ecolab"],"_links":{"self":[{"href":"https:\/\/toreco.md\/en\/wp-json\/wp\/v2\/product\/5464","targetHints":{"allow":["GET"]}}],"collection":[{"href":"https:\/\/toreco.md\/en\/wp-json\/wp\/v2\/product"}],"about":[{"href":"https:\/\/toreco.md\/en\/wp-json\/wp\/v2\/types\/product"}],"replies":[{"embeddable":true,"href":"https:\/\/toreco.md\/en\/wp-json\/wp\/v2\/comments?post=5464"}],"wp:featuredmedia":[{"embeddable":true,"href":"https:\/\/toreco.md\/en\/wp-json\/wp\/v2\/media\/5503"}],"wp:attachment":[{"href":"https:\/\/toreco.md\/en\/wp-json\/wp\/v2\/media?parent=5464"}],"wp:term":[{"taxonomy":"product_cat","embeddable":true,"href":"https:\/\/toreco.md\/en\/wp-json\/wp\/v2\/product_cat?post=5464"},{"taxonomy":"product_tag","embeddable":true,"href":"https:\/\/toreco.md\/en\/wp-json\/wp\/v2\/product_tag?post=5464"}],"curies":[{"name":"wp","href":"https:\/\/api.w.org\/{rel}","templated":true}]}}