{"id":5462,"date":"2021-06-14T11:04:00","date_gmt":"2021-06-14T08:04:00","guid":{"rendered":"https:\/\/toreco.md\/?post_type=product&#038;p=5462"},"modified":"2025-02-28T13:42:49","modified_gmt":"2025-02-28T11:42:49","slug":"brillant-clatitor-pentru-masina-de-spalat-vase","status":"publish","type":"product","link":"https:\/\/toreco.md\/en\/product\/dupa-tip\/detergenti-si-dezinfectanti-profesionali\/bucatarie\/brillant-clatitor-pentru-masina-de-spalat-vase\/","title":{"rendered":"BRILLANT, dishwasher rinse aid"},"content":{"rendered":"<p>Rinse aid, accelerates the drying process and restores gloss to the washed dish.<br \/>\nIt is used in automatic dishwashers at the rinsing phase.<br \/>\nIt provides excellent and quick drying, gives shine to glasses, cutlery and dishes in general, prevents the formation of deposits.<br \/>\nVery effective even for hard water.<br \/>\nUsage: restaurants, kitchens, canteens, cafes, bars, etc.<br \/>\nHow to use: in dishwashers with integrated measuring (dosing) device pour the solution into the appropriate tank.<br \/>\n\u00cen ma\u0219inile de sp\u0103lat vase cu un dispozitiv extern de m\u0103surare (dozare), \u00eentroduce\u021bi tubul de dozare \u00een recipientul cu solu\u021bia propriu-zis\u0103. Regla\u021bi tubul pentru unitatea de dozare de la 0,15 &#8211; 0,30 ml de solu\u021bie per litru de ap\u0103, \u00een func\u021bie de duritatea apei \u0219i tipul veselei.<br \/>\nVolume: 5kg<\/p>","protected":false},"excerpt":{"rendered":"<p>Liquid rinse aid for automatic dishwashers.<\/p>","protected":false},"featured_media":5505,"comment_status":"closed","ping_status":"closed","template":"","meta":[],"product_cat":[34,40,41,71,74],"product_tag":[169],"class_list":["post-5462","product","type-product","status-publish","has-post-thumbnail","hentry","product_cat-hotel","product_cat-restaurant-si-bucatarie","product_cat-servicii-de-curatenie","product_cat-detergenti-si-dezinfectanti-profesionali","product_cat-bucatarie","product_tag-detergent","pa_brand-chem-italia"],"_links":{"self":[{"href":"https:\/\/toreco.md\/en\/wp-json\/wp\/v2\/product\/5462","targetHints":{"allow":["GET"]}}],"collection":[{"href":"https:\/\/toreco.md\/en\/wp-json\/wp\/v2\/product"}],"about":[{"href":"https:\/\/toreco.md\/en\/wp-json\/wp\/v2\/types\/product"}],"replies":[{"embeddable":true,"href":"https:\/\/toreco.md\/en\/wp-json\/wp\/v2\/comments?post=5462"}],"wp:featuredmedia":[{"embeddable":true,"href":"https:\/\/toreco.md\/en\/wp-json\/wp\/v2\/media\/5505"}],"wp:attachment":[{"href":"https:\/\/toreco.md\/en\/wp-json\/wp\/v2\/media?parent=5462"}],"wp:term":[{"taxonomy":"product_cat","embeddable":true,"href":"https:\/\/toreco.md\/en\/wp-json\/wp\/v2\/product_cat?post=5462"},{"taxonomy":"product_tag","embeddable":true,"href":"https:\/\/toreco.md\/en\/wp-json\/wp\/v2\/product_tag?post=5462"}],"curies":[{"name":"wp","href":"https:\/\/api.w.org\/{rel}","templated":true}]}}