{"id":5457,"date":"2021-06-14T10:53:12","date_gmt":"2021-06-14T07:53:12","guid":{"rendered":"https:\/\/toreco.md\/?post_type=product&#038;p=5457"},"modified":"2026-02-02T13:53:12","modified_gmt":"2026-02-02T11:53:12","slug":"stovilmat-ultra-detergent-igienizant-vase-automat-6-kg","status":"publish","type":"product","link":"https:\/\/toreco.md\/en\/product\/dupa-tip\/detergenti-si-dezinfectanti-profesionali\/bucatarie\/stovilmat-ultra-detergent-igienizant-vase-automat-6-kg\/","title":{"rendered":"STOVILMAT ULTRA, Concentrated Dishwasher Detergent with Sanitizing Effect, 6 kg"},"content":{"rendered":"<p>STOVILLMAT ULTRA &#8211; AP\u0102 CU DURITATE MARE<br \/>\nDue to its special formula, Stovilmat has a high fat dissolving power, it can eliminate even dry fat stains. The use of the STOVILMAT product is simple, economical and efficient, suitable for all types of dishes.<br \/>\nPrevents the formation of stains and lime deposits on the tableware. In this way, it provides the stainless steel vessels with optimal cleaning and shine.<br \/>\nIt actively protects the dishes against permanent corrosion due to frequent washing.<br \/>\nThe active principles of the product in the detergent composition help to eliminate unpleasant odors from the dishwasher. Stovilmat is recommended for cleaning and self-control H.A.C.C.P.<br \/>\nThe dosage of the detergent will be made according to the degree of dirtiness of the dishes and the hardness of the water.<br \/>\nThe product can not be used manually, for the use of the product an automatic dosing system is needed, it can be integrated in the dishwasher from production or can be added later by the detergent supplier. Professional product.<\/p>\n<p>Domeniu de utilizare: Industria alimentar\u0103 \u015fi agroalimentar\u0103, buc\u0103t\u0103rii profesionale, sistemul Ho.Re.Ca, industria hotelier\u0103, firme de catering, m\u0103cel\u0103rii, patiserii, cantine, restaurante, fast &#8211; food, spitale, \u015fcoli etc.<\/p>\n<p>Dozare: Pentru obtinerea unei calit\u0103\u0163ii optime \u00een sp\u0103lare v\u0103 recomand\u0103m folosirea a: 1 &#8211; 3 gr. de produs pe litru de ap\u0103, \u00een func\u0163ie de gradul de murd\u0103rie depus pe vesel\u0103. Dozarea produsului este recomandat\u0103 pentru ap\u0103 cu duritatea \u00eentre > 35 \u00b0F. Dac\u0103 considera\u0163i c\u0103 este necesar, m\u0103ri\u0163i doza, dar nu depa\u015fi\u0163i 5 gr. produs \/ litru de ap\u0103.<br \/>\nVolume: 6kg<\/p>","protected":false},"excerpt":{"rendered":"<p>Concentrated detergent with antibacterial effect, used for washing and cleaning the dish in the dishwasher.<\/p>","protected":false},"featured_media":5508,"comment_status":"closed","ping_status":"closed","template":"","meta":[],"product_cat":[34,40,41,71,74],"product_tag":[169],"class_list":["post-5457","product","type-product","status-publish","has-post-thumbnail","hentry","product_cat-hotel","product_cat-restaurant-si-bucatarie","product_cat-servicii-de-curatenie","product_cat-detergenti-si-dezinfectanti-profesionali","product_cat-bucatarie","product_tag-detergent","pa_brand-sanidet"],"_links":{"self":[{"href":"https:\/\/toreco.md\/en\/wp-json\/wp\/v2\/product\/5457","targetHints":{"allow":["GET"]}}],"collection":[{"href":"https:\/\/toreco.md\/en\/wp-json\/wp\/v2\/product"}],"about":[{"href":"https:\/\/toreco.md\/en\/wp-json\/wp\/v2\/types\/product"}],"replies":[{"embeddable":true,"href":"https:\/\/toreco.md\/en\/wp-json\/wp\/v2\/comments?post=5457"}],"wp:featuredmedia":[{"embeddable":true,"href":"https:\/\/toreco.md\/en\/wp-json\/wp\/v2\/media\/5508"}],"wp:attachment":[{"href":"https:\/\/toreco.md\/en\/wp-json\/wp\/v2\/media?parent=5457"}],"wp:term":[{"taxonomy":"product_cat","embeddable":true,"href":"https:\/\/toreco.md\/en\/wp-json\/wp\/v2\/product_cat?post=5457"},{"taxonomy":"product_tag","embeddable":true,"href":"https:\/\/toreco.md\/en\/wp-json\/wp\/v2\/product_tag?post=5457"}],"curies":[{"name":"wp","href":"https:\/\/api.w.org\/{rel}","templated":true}]}}