{"id":5454,"date":"2021-06-14T10:45:00","date_gmt":"2021-06-14T07:45:00","guid":{"rendered":"https:\/\/toreco.md\/?post_type=product&#038;p=5454"},"modified":"2024-07-11T12:23:17","modified_gmt":"2024-07-11T09:23:17","slug":"brillmat-ultra-clatitor-pentru-masina-de-spalat-vase","status":"publish","type":"product","link":"https:\/\/toreco.md\/en\/product\/dupa-tip\/detergenti-si-dezinfectanti-profesionali\/bucatarie\/brillmat-ultra-clatitor-pentru-masina-de-spalat-vase\/","title":{"rendered":"BRILLMAT ULTRA, dishwasher rinse aid"},"content":{"rendered":"<p>BRILLMAT ULTRA &#8211; AP\u0102 CU DURITATE MARE<br \/>\nEquipped with the automatic dosing system, the solution reaches the car and helps neutralize the detergent residue from the wash, ensuring a quick drying so that the dishes can be used shortly after washing, without the need for deletion.<br \/>\nIt prevents the formation of limestone deposits on the dishes, in the heating boiler and in the dishwasher, it gives the vessels and cutlery shine.<br \/>\nThe antibacterial effect, ensures the necessary daily hygiene of the dishes.<br \/>\nThe rinse solution helps to eliminate unpleasant odors from the dishwasher.<br \/>\nBrillmat Ultra recommended for cleaning and self-control plan H.A.C.C.P.<br \/>\nThe product cannot be used manually, an automatic dosing system is required to use the product, it can be integrated into the dishwasher or it can be added later by the detergent supplier.<br \/>\nThe use of the rinsing solution prolongs the life of the dishwasher.<br \/>\nThe rinse solution dosage will be made depending on the hardness of the water.<\/p>\n<p>Domeniu de utilizare: Industria alimentar\u0103 \u015fi agroalimentar\u0103, buc\u0103t\u0103rii profesionale, sistemul Ho.Re.Ca, industria hotelier\u0103, firme de catering, m\u0103celarii, patiserii, cantine, restaurante, fast &#8211; food, spitale, \u015fcoli etc.<\/p>\n<p>Dosage: to obtain an optimal rinse quality we recommend the use of a: 0.25 &gt; 1 gr. product per liter of water, based on the hardness of the water. The dosage of the product is recommended for water with a hardness between 25 \u00b0 &gt; 40 \u00b0F. If you consider it necessary, increase the dose, but do not exceed 1.5 gr. product \/ liter of water.<br \/>\nVolume: 5kg<\/p>","protected":false},"excerpt":{"rendered":"<p>Concentrated, acidic solution, with antibacterial effect, for rinsing and sanitizing the dishes in the professional machine. <\/p>","protected":false},"featured_media":5509,"comment_status":"closed","ping_status":"closed","template":"","meta":[],"product_cat":[34,40,41,71,74],"product_tag":[169],"class_list":["post-5454","product","type-product","status-publish","has-post-thumbnail","hentry","product_cat-hotel","product_cat-restaurant-si-bucatarie","product_cat-servicii-de-curatenie","product_cat-detergenti-si-dezinfectanti-profesionali","product_cat-bucatarie","product_tag-detergent","pa_brand-sanidet"],"_links":{"self":[{"href":"https:\/\/toreco.md\/en\/wp-json\/wp\/v2\/product\/5454","targetHints":{"allow":["GET"]}}],"collection":[{"href":"https:\/\/toreco.md\/en\/wp-json\/wp\/v2\/product"}],"about":[{"href":"https:\/\/toreco.md\/en\/wp-json\/wp\/v2\/types\/product"}],"replies":[{"embeddable":true,"href":"https:\/\/toreco.md\/en\/wp-json\/wp\/v2\/comments?post=5454"}],"wp:featuredmedia":[{"embeddable":true,"href":"https:\/\/toreco.md\/en\/wp-json\/wp\/v2\/media\/5509"}],"wp:attachment":[{"href":"https:\/\/toreco.md\/en\/wp-json\/wp\/v2\/media?parent=5454"}],"wp:term":[{"taxonomy":"product_cat","embeddable":true,"href":"https:\/\/toreco.md\/en\/wp-json\/wp\/v2\/product_cat?post=5454"},{"taxonomy":"product_tag","embeddable":true,"href":"https:\/\/toreco.md\/en\/wp-json\/wp\/v2\/product_tag?post=5454"}],"curies":[{"name":"wp","href":"https:\/\/api.w.org\/{rel}","templated":true}]}}