{"id":5429,"date":"2021-06-11T17:30:43","date_gmt":"2021-06-11T14:30:43","guid":{"rendered":"https:\/\/toreco.md\/?post_type=product&#038;p=5429"},"modified":"2025-12-03T12:57:40","modified_gmt":"2025-12-03T10:57:40","slug":"assert-lemon-detergent-manual-pentru-vase","status":"publish","type":"product","link":"https:\/\/toreco.md\/en\/product\/dupa-tip\/detergenti-si-dezinfectanti-profesionali\/bucatarie\/assert-lemon-detergent-manual-pentru-vase\/","title":{"rendered":"Assert Lemon, Manual Warewashing Detergent"},"content":{"rendered":"<p>Assert Lemon Manual Warewashing Detergent is a concentrated, high foaming hand dishwashing liquid with a fresh lemon fragrance.<br \/>\nIt is suitable for washing pots, pans, silencers, glassware and other kitchen tools.<br \/>\nVolume: 1L<\/p>","protected":false},"excerpt":{"rendered":"<p>Detergent concentrat pentru sp\u0103larea manual\u0103 a veselei, foarte spumant, cu miros pl\u0103cut de l\u0103m\u00e2ie. Este potrivit pentru sp\u0103larea oalelor, tig\u0103ilor, t\u0103c\u00e2murilor, sticl\u0103riei \u0219i a altor instrumente de bucatarie. Cantitate: 1L<\/p>","protected":false},"featured_media":5523,"comment_status":"closed","ping_status":"closed","template":"","meta":[],"product_cat":[34,40,41,71,74],"product_tag":[169],"class_list":["post-5429","product","type-product","status-publish","has-post-thumbnail","hentry","product_cat-hotel","product_cat-restaurant-si-bucatarie","product_cat-servicii-de-curatenie","product_cat-detergenti-si-dezinfectanti-profesionali","product_cat-bucatarie","product_tag-detergent","pa_brand-ecolab"],"_links":{"self":[{"href":"https:\/\/toreco.md\/en\/wp-json\/wp\/v2\/product\/5429","targetHints":{"allow":["GET"]}}],"collection":[{"href":"https:\/\/toreco.md\/en\/wp-json\/wp\/v2\/product"}],"about":[{"href":"https:\/\/toreco.md\/en\/wp-json\/wp\/v2\/types\/product"}],"replies":[{"embeddable":true,"href":"https:\/\/toreco.md\/en\/wp-json\/wp\/v2\/comments?post=5429"}],"wp:featuredmedia":[{"embeddable":true,"href":"https:\/\/toreco.md\/en\/wp-json\/wp\/v2\/media\/5523"}],"wp:attachment":[{"href":"https:\/\/toreco.md\/en\/wp-json\/wp\/v2\/media?parent=5429"}],"wp:term":[{"taxonomy":"product_cat","embeddable":true,"href":"https:\/\/toreco.md\/en\/wp-json\/wp\/v2\/product_cat?post=5429"},{"taxonomy":"product_tag","embeddable":true,"href":"https:\/\/toreco.md\/en\/wp-json\/wp\/v2\/product_tag?post=5429"}],"curies":[{"name":"wp","href":"https:\/\/api.w.org\/{rel}","templated":true}]}}