{"id":5421,"date":"2021-06-11T17:00:26","date_gmt":"2021-06-11T14:00:26","guid":{"rendered":"https:\/\/toreco.md\/?post_type=product&#038;p=5421"},"modified":"2026-04-16T10:53:15","modified_gmt":"2026-04-16T07:53:15","slug":"okay-detergent-degresant-universal-suprafata-dura","status":"publish","type":"product","link":"https:\/\/toreco.md\/en\/product\/dupa-tip\/detergenti-si-dezinfectanti-profesionali\/bucatarie\/okay-detergent-degresant-universal-suprafata-dura\/","title":{"rendered":"Okay, universal degreasing detergent hard surface"},"content":{"rendered":"<p>Universal degreasing Detergent effectively removes dirt, greases, oils and organic debris from all washable surfaces: plastic, metal, rubber, painted surfaces, tiles, porcelain, enameled surfaces, walls, etc.<br \/>\nVolume: 750ml<\/p>","protected":false},"excerpt":{"rendered":"<p>Detergent universal de degresare \u00eendep\u0103rteaz\u0103 eficient murd\u0103ria, grasimile, uleiurile \u0219i resturile organice de pe toate suprafe\u021bele lavabile: plastic, metal, cauciuc, suprafete vopsite, gresie, por\u021belan, suprafe\u021be emailate, pere\u021bi, etc. Cantitate: 750ml<\/p>","protected":false},"featured_media":5531,"comment_status":"closed","ping_status":"closed","template":"","meta":[],"product_cat":[34,40,41,71,74],"product_tag":[169],"class_list":["post-5421","product","type-product","status-publish","has-post-thumbnail","hentry","product_cat-hotel","product_cat-restaurant-si-bucatarie","product_cat-servicii-de-curatenie","product_cat-detergenti-si-dezinfectanti-profesionali","product_cat-bucatarie","product_tag-detergent","pa_brand-chem-italia"],"_links":{"self":[{"href":"https:\/\/toreco.md\/en\/wp-json\/wp\/v2\/product\/5421","targetHints":{"allow":["GET"]}}],"collection":[{"href":"https:\/\/toreco.md\/en\/wp-json\/wp\/v2\/product"}],"about":[{"href":"https:\/\/toreco.md\/en\/wp-json\/wp\/v2\/types\/product"}],"replies":[{"embeddable":true,"href":"https:\/\/toreco.md\/en\/wp-json\/wp\/v2\/comments?post=5421"}],"wp:featuredmedia":[{"embeddable":true,"href":"https:\/\/toreco.md\/en\/wp-json\/wp\/v2\/media\/5531"}],"wp:attachment":[{"href":"https:\/\/toreco.md\/en\/wp-json\/wp\/v2\/media?parent=5421"}],"wp:term":[{"taxonomy":"product_cat","embeddable":true,"href":"https:\/\/toreco.md\/en\/wp-json\/wp\/v2\/product_cat?post=5421"},{"taxonomy":"product_tag","embeddable":true,"href":"https:\/\/toreco.md\/en\/wp-json\/wp\/v2\/product_tag?post=5421"}],"curies":[{"name":"wp","href":"https:\/\/api.w.org\/{rel}","templated":true}]}}