{"id":5410,"date":"2021-06-11T15:19:49","date_gmt":"2021-06-11T12:19:49","guid":{"rendered":"https:\/\/toreco.md\/?post_type=product&#038;p=5410"},"modified":"2022-03-29T10:24:13","modified_gmt":"2022-03-29T07:24:13","slug":"matic-clean-detergent-masina-de-spalat-vase","status":"publish","type":"product","link":"https:\/\/toreco.md\/en\/product\/dupa-tip\/detergenti-si-dezinfectanti-profesionali\/bucatarie\/matic-clean-detergent-masina-de-spalat-vase\/","title":{"rendered":"Matic-clean, dishwasher detergent"},"content":{"rendered":"<p>Dishwashing Detergent was created specifically for automatic washing of dishes.<br \/>\nIt degreases in depth and eliminates odors.<br \/>\nVolume: 12kg<\/p>","protected":false},"excerpt":{"rendered":"<p>Detergent de vase a fost creat special pentru sp\u0103larea automat\u0103 a veselei. Degreseaz\u0103 \u00een profunzime \u0219i elimin\u0103 mirosurile nepl\u0103cute. Cantitate: 12kg<\/p>","protected":false},"featured_media":5541,"comment_status":"closed","ping_status":"closed","template":"","meta":[],"product_cat":[34,40,41,71,74],"product_tag":[169],"class_list":["post-5410","product","type-product","status-publish","has-post-thumbnail","hentry","product_cat-hotel","product_cat-restaurant-si-bucatarie","product_cat-servicii-de-curatenie","product_cat-detergenti-si-dezinfectanti-profesionali","product_cat-bucatarie","product_tag-detergent","pa_brand-chem-italia"],"_links":{"self":[{"href":"https:\/\/toreco.md\/en\/wp-json\/wp\/v2\/product\/5410","targetHints":{"allow":["GET"]}}],"collection":[{"href":"https:\/\/toreco.md\/en\/wp-json\/wp\/v2\/product"}],"about":[{"href":"https:\/\/toreco.md\/en\/wp-json\/wp\/v2\/types\/product"}],"replies":[{"embeddable":true,"href":"https:\/\/toreco.md\/en\/wp-json\/wp\/v2\/comments?post=5410"}],"wp:featuredmedia":[{"embeddable":true,"href":"https:\/\/toreco.md\/en\/wp-json\/wp\/v2\/media\/5541"}],"wp:attachment":[{"href":"https:\/\/toreco.md\/en\/wp-json\/wp\/v2\/media?parent=5410"}],"wp:term":[{"taxonomy":"product_cat","embeddable":true,"href":"https:\/\/toreco.md\/en\/wp-json\/wp\/v2\/product_cat?post=5410"},{"taxonomy":"product_tag","embeddable":true,"href":"https:\/\/toreco.md\/en\/wp-json\/wp\/v2\/product_tag?post=5410"}],"curies":[{"name":"wp","href":"https:\/\/api.w.org\/{rel}","templated":true}]}}