{"id":5408,"date":"2021-06-11T14:50:16","date_gmt":"2021-06-11T11:50:16","guid":{"rendered":"https:\/\/toreco.md\/?post_type=product&#038;p=5408"},"modified":"2023-02-28T13:25:40","modified_gmt":"2023-02-28T11:25:40","slug":"c-i-p-cleaner-detergent-alcalin-pentru-sectorul-alimentar","status":"publish","type":"product","link":"https:\/\/toreco.md\/en\/product\/dupa-tip\/detergenti-si-dezinfectanti-profesionali\/industrie\/c-i-p-cleaner-detergent-alcalin-pentru-sectorul-alimentar\/","title":{"rendered":"C.I.P. CLEANER, Alkaline Detergent for food industry"},"content":{"rendered":"<p>Non-foaming alkaline liquid detergent for food industry.<br \/>\nIt is specifically formulated for washing with the re-circulating method.<br \/>\nIt is a complete product with a high cleaning, complexing, suspending and dispersing power.<br \/>\nVolume: 30kg<\/p>","protected":false},"excerpt":{"rendered":"<p>C.I.P. CLEANER detergent lichid alcalin utilizat \u00een sectorul alimentar. A fost creat special pentru sp\u0103lare cu metoda de recirculare. Este un produs complet cu eficien\u021b\u0103 sporit\u0103 de cur\u0103\u021bare. Cantitate: 30kg<\/p>","protected":false},"featured_media":5542,"comment_status":"closed","ping_status":"closed","template":"","meta":[],"product_cat":[42,71,76],"product_tag":[169],"class_list":["post-5408","product","type-product","status-publish","has-post-thumbnail","hentry","product_cat-industria-de-producere-si-prelucrare","product_cat-detergenti-si-dezinfectanti-profesionali","product_cat-industrie","product_tag-detergent","pa_brand-chem-italia"],"_links":{"self":[{"href":"https:\/\/toreco.md\/en\/wp-json\/wp\/v2\/product\/5408","targetHints":{"allow":["GET"]}}],"collection":[{"href":"https:\/\/toreco.md\/en\/wp-json\/wp\/v2\/product"}],"about":[{"href":"https:\/\/toreco.md\/en\/wp-json\/wp\/v2\/types\/product"}],"replies":[{"embeddable":true,"href":"https:\/\/toreco.md\/en\/wp-json\/wp\/v2\/comments?post=5408"}],"wp:featuredmedia":[{"embeddable":true,"href":"https:\/\/toreco.md\/en\/wp-json\/wp\/v2\/media\/5542"}],"wp:attachment":[{"href":"https:\/\/toreco.md\/en\/wp-json\/wp\/v2\/media?parent=5408"}],"wp:term":[{"taxonomy":"product_cat","embeddable":true,"href":"https:\/\/toreco.md\/en\/wp-json\/wp\/v2\/product_cat?post=5408"},{"taxonomy":"product_tag","embeddable":true,"href":"https:\/\/toreco.md\/en\/wp-json\/wp\/v2\/product_tag?post=5408"}],"curies":[{"name":"wp","href":"https:\/\/api.w.org\/{rel}","templated":true}]}}