{"id":5404,"date":"2021-06-11T14:19:41","date_gmt":"2021-06-11T11:19:41","guid":{"rendered":"https:\/\/toreco.md\/?post_type=product&#038;p=5404"},"modified":"2025-02-28T13:41:54","modified_gmt":"2025-02-28T11:41:54","slug":"flash-detergent-acid-spumant","status":"publish","type":"product","link":"https:\/\/toreco.md\/en\/product\/dupa-tip\/detergenti-si-dezinfectanti-profesionali\/industrie\/flash-detergent-acid-spumant\/","title":{"rendered":"Flash, Foaming descaling detergent"},"content":{"rendered":"<p>The solution effectively removes milk stone, casein sediments and other types of mineral \/ protein deposits, for ice cream production equipment and in general equipment used in the food industry.<br \/>\nIt is used in slaughterhouses, at enterprises for the production and processing of meat and sausages, pastries, ice cream, fish, etc.<br \/>\nMethod of use:<br \/>\nCleaning tools: Add from 100 to 200 ml of the product to each liter of water. Place the tools in the resulting solution, stand for a few minutes. If necessary, use a brush for cleaning. At the end of the operation, rinse with running water.<br \/>\nPasteurizers and equipment for the production of ice cream: Use from 20 to 100 ml of the product for each liter of water, leave the solution to circulate in the system for 15-30 minutes, then drain the washing solution and rinse with clean water.<br \/>\nFloors and surfaces: Use in the form of a solution of 50-100 ml of the product for each liter of water. Apply evenly to the surface, stand for a while. If necessary, wipe with a clean cloth or sponge, then rinse thoroughly with water.<br \/>\nVolume: 10 kg<\/p>","protected":false},"excerpt":{"rendered":"<p>Solu\u021bia indep\u0103rteaz\u0103 eficient piatra de lapte, sedimentele de cazein\u0103 \u0219i alte tipuri de depuneri de natur\u0103 mineral\u0103 \/ proteic\u0103, pentru echipamentele de producere de \u00eenghe\u021bat\u0103 \u0219i \u00een general echipamentele utilizate \u00een industria alimentar\u0103. Este utilizat\u0103 \u00een abatoare, la \u00eentreprinderele de producere \u0219i prelucrare a c\u0103rni \u0219i mezelurilor, produselor de patiserie, \u00eenghe\u021batei, pe\u0219telui etc. Mod de [&hellip;]<\/p>","protected":false},"featured_media":5546,"comment_status":"closed","ping_status":"closed","template":"","meta":[],"product_cat":[42,71,76],"product_tag":[169],"class_list":["post-5404","product","type-product","status-publish","has-post-thumbnail","hentry","product_cat-industria-de-producere-si-prelucrare","product_cat-detergenti-si-dezinfectanti-profesionali","product_cat-industrie","product_tag-detergent","pa_brand-chem-italia"],"_links":{"self":[{"href":"https:\/\/toreco.md\/en\/wp-json\/wp\/v2\/product\/5404","targetHints":{"allow":["GET"]}}],"collection":[{"href":"https:\/\/toreco.md\/en\/wp-json\/wp\/v2\/product"}],"about":[{"href":"https:\/\/toreco.md\/en\/wp-json\/wp\/v2\/types\/product"}],"replies":[{"embeddable":true,"href":"https:\/\/toreco.md\/en\/wp-json\/wp\/v2\/comments?post=5404"}],"wp:featuredmedia":[{"embeddable":true,"href":"https:\/\/toreco.md\/en\/wp-json\/wp\/v2\/media\/5546"}],"wp:attachment":[{"href":"https:\/\/toreco.md\/en\/wp-json\/wp\/v2\/media?parent=5404"}],"wp:term":[{"taxonomy":"product_cat","embeddable":true,"href":"https:\/\/toreco.md\/en\/wp-json\/wp\/v2\/product_cat?post=5404"},{"taxonomy":"product_tag","embeddable":true,"href":"https:\/\/toreco.md\/en\/wp-json\/wp\/v2\/product_tag?post=5404"}],"curies":[{"name":"wp","href":"https:\/\/api.w.org\/{rel}","templated":true}]}}