{"id":5382,"date":"2021-06-11T11:29:07","date_gmt":"2021-06-11T08:29:07","guid":{"rendered":"https:\/\/toreco.md\/?post_type=product&#038;p=5382"},"modified":"2022-03-30T09:25:57","modified_gmt":"2022-03-30T06:25:57","slug":"inject-foam-detergent-covoare-si-tesaturi-de-mobila","status":"publish","type":"product","link":"https:\/\/toreco.md\/en\/product\/dupa-tip\/detergenti-si-dezinfectanti-profesionali\/covoare-si-mochete\/inject-foam-detergent-covoare-si-tesaturi-de-mobila\/","title":{"rendered":"Inject-Foam, detergent carpets and furniture fabrics"},"content":{"rendered":"<p>The perfume foam detergent was designed to clean carpets, upholstery and car seats.<br \/>\nSe aplic\u0103 prin metoda &#8220;spum\u0103 uscat\u0103&#8221;. Cur\u0103\u021b\u0103 delicat, elimin\u00e2nd petele de origine organic\u0103 \u0219i alte tipuri de murd\u0103rie.<br \/>\nIt enhances colors and is suitable for all types of fabrics.<br \/>\nVolume: 10 kg<\/p>","protected":false},"excerpt":{"rendered":"<p>The perfume foam detergent was designed to clean carpets, upholstery and car seats. <\/p>","protected":false},"featured_media":5564,"comment_status":"closed","ping_status":"closed","template":"","meta":[],"product_cat":[34,40,41,71,75],"product_tag":[169],"class_list":["post-5382","product","type-product","status-publish","has-post-thumbnail","hentry","product_cat-hotel","product_cat-restaurant-si-bucatarie","product_cat-servicii-de-curatenie","product_cat-detergenti-si-dezinfectanti-profesionali","product_cat-covoare-si-mochete","product_tag-detergent","pa_brand-chem-italia"],"_links":{"self":[{"href":"https:\/\/toreco.md\/en\/wp-json\/wp\/v2\/product\/5382","targetHints":{"allow":["GET"]}}],"collection":[{"href":"https:\/\/toreco.md\/en\/wp-json\/wp\/v2\/product"}],"about":[{"href":"https:\/\/toreco.md\/en\/wp-json\/wp\/v2\/types\/product"}],"replies":[{"embeddable":true,"href":"https:\/\/toreco.md\/en\/wp-json\/wp\/v2\/comments?post=5382"}],"wp:featuredmedia":[{"embeddable":true,"href":"https:\/\/toreco.md\/en\/wp-json\/wp\/v2\/media\/5564"}],"wp:attachment":[{"href":"https:\/\/toreco.md\/en\/wp-json\/wp\/v2\/media?parent=5382"}],"wp:term":[{"taxonomy":"product_cat","embeddable":true,"href":"https:\/\/toreco.md\/en\/wp-json\/wp\/v2\/product_cat?post=5382"},{"taxonomy":"product_tag","embeddable":true,"href":"https:\/\/toreco.md\/en\/wp-json\/wp\/v2\/product_tag?post=5382"}],"curies":[{"name":"wp","href":"https:\/\/api.w.org\/{rel}","templated":true}]}}