{"id":5374,"date":"2021-06-11T10:43:37","date_gmt":"2021-06-11T07:43:37","guid":{"rendered":"https:\/\/toreco.md\/?post_type=product&#038;p=5374"},"modified":"2025-08-25T10:03:02","modified_gmt":"2025-08-25T07:03:02","slug":"maxx2-brial-detergent-pentru-suprafete-si-geamuri","status":"publish","type":"product","link":"https:\/\/toreco.md\/en\/product\/dupa-tip\/detergenti-si-dezinfectanti-profesionali\/sticla-geamuri-oglinzi\/maxx2-brial-detergent-pentru-suprafete-si-geamuri\/","title":{"rendered":"Maxx2 Brial, detergent for surfaces and windows"},"content":{"rendered":"<p>Super wetting detergent for surfaces and windows.<br \/>\nExtrem de concentrat, (produs neclasificat CLP &#8211; f\u0103r\u0103 clasificare CLP \u00eenseamn\u0103 c\u0103 nu este necesar echipament de protectie personal\u0103) nu necesit\u0103 purtarea de echipament de protec\u021bie \u0219i nici cl\u0103tirea ulterioar\u0103 a suprafe\u021bei pe care este aplicat.<br \/>\nThe mixture of alcohol and active ingredients ensures excellent results on glossy surfaces and floors.<br \/>\nExcellent compatibility, having a formula that leaves no traces.<br \/>\nVolume: 1L<\/p>","protected":false},"excerpt":{"rendered":"<p>Super wetting detergent for surfaces and windows. <\/p>","protected":false},"featured_media":5587,"comment_status":"closed","ping_status":"closed","template":"","meta":[],"product_cat":[45,34,42,44,43,40,41,46,71,73],"product_tag":[169],"class_list":["post-5374","product","type-product","status-publish","has-post-thumbnail","hentry","product_cat-industria-auto","product_cat-hotel","product_cat-industria-de-producere-si-prelucrare","product_cat-institutii-de-invatamint","product_cat-medicina","product_cat-restaurant-si-bucatarie","product_cat-servicii-de-curatenie","product_cat-sport-si-fitness","product_cat-detergenti-si-dezinfectanti-profesionali","product_cat-sticla-geamuri-oglinzi","product_tag-detergent","pa_brand-ecolab"],"_links":{"self":[{"href":"https:\/\/toreco.md\/en\/wp-json\/wp\/v2\/product\/5374","targetHints":{"allow":["GET"]}}],"collection":[{"href":"https:\/\/toreco.md\/en\/wp-json\/wp\/v2\/product"}],"about":[{"href":"https:\/\/toreco.md\/en\/wp-json\/wp\/v2\/types\/product"}],"replies":[{"embeddable":true,"href":"https:\/\/toreco.md\/en\/wp-json\/wp\/v2\/comments?post=5374"}],"wp:featuredmedia":[{"embeddable":true,"href":"https:\/\/toreco.md\/en\/wp-json\/wp\/v2\/media\/5587"}],"wp:attachment":[{"href":"https:\/\/toreco.md\/en\/wp-json\/wp\/v2\/media?parent=5374"}],"wp:term":[{"taxonomy":"product_cat","embeddable":true,"href":"https:\/\/toreco.md\/en\/wp-json\/wp\/v2\/product_cat?post=5374"},{"taxonomy":"product_tag","embeddable":true,"href":"https:\/\/toreco.md\/en\/wp-json\/wp\/v2\/product_tag?post=5374"}],"curies":[{"name":"wp","href":"https:\/\/api.w.org\/{rel}","templated":true}]}}