{"id":5363,"date":"2021-06-10T17:11:31","date_gmt":"2021-06-10T14:11:31","guid":{"rendered":"https:\/\/toreco.md\/?post_type=product&#038;p=5363"},"modified":"2024-02-27T13:16:57","modified_gmt":"2024-02-27T11:16:57","slug":"lavanderia-d-02-enzimatico-detergent-enzimatic-rufe","status":"publish","type":"product","link":"https:\/\/toreco.md\/en\/product\/dupa-tip\/detergenti-si-dezinfectanti-profesionali\/textile\/lavanderia-d-02-enzimatico-detergent-enzimatic-rufe\/","title":{"rendered":"Lavanderia D-02 Enzimatico, Enzyme Laundry Detergent"},"content":{"rendered":"<p>It cleans the organic and inorganic dirt effectively and in depth without affecting the structure of the fabrics.<br \/>\nIts special formula results in excellent washing, even at low temperatures.<br \/>\nIt is recommended for all types of fabrics. It is diluted in water perfectly, which allows you to avoid the deposition of detergents on the fabric.<br \/>\nPentru o eficien\u0163\u0103 optim\u0103 utiliza\u0163i produsul \u00een combina\u0163ie cu Lavanderia O &#8211; 02 Oxygen.<br \/>\nThe detergent can be used on all types of fabrics of any color: tablecloths, linen, bathrobes, towels, etc.<br \/>\nScope of use: professional laundry, hotel industry, hospitals, agri-food industry, textile industry, system Ho.Re.Ca.<br \/>\nVolume: 20 kg<\/p>","protected":false},"excerpt":{"rendered":"<p>Enzymatic detergent recommended for washing white or colored laundry in the washing machine or by hand. <\/p>","protected":false},"featured_media":5631,"comment_status":"closed","ping_status":"closed","template":"","meta":[],"product_cat":[34,40,41,71,72],"product_tag":[169],"class_list":["post-5363","product","type-product","status-publish","has-post-thumbnail","hentry","product_cat-hotel","product_cat-restaurant-si-bucatarie","product_cat-servicii-de-curatenie","product_cat-detergenti-si-dezinfectanti-profesionali","product_cat-textile","product_tag-detergent","pa_brand-sanidet"],"_links":{"self":[{"href":"https:\/\/toreco.md\/en\/wp-json\/wp\/v2\/product\/5363","targetHints":{"allow":["GET"]}}],"collection":[{"href":"https:\/\/toreco.md\/en\/wp-json\/wp\/v2\/product"}],"about":[{"href":"https:\/\/toreco.md\/en\/wp-json\/wp\/v2\/types\/product"}],"replies":[{"embeddable":true,"href":"https:\/\/toreco.md\/en\/wp-json\/wp\/v2\/comments?post=5363"}],"wp:featuredmedia":[{"embeddable":true,"href":"https:\/\/toreco.md\/en\/wp-json\/wp\/v2\/media\/5631"}],"wp:attachment":[{"href":"https:\/\/toreco.md\/en\/wp-json\/wp\/v2\/media?parent=5363"}],"wp:term":[{"taxonomy":"product_cat","embeddable":true,"href":"https:\/\/toreco.md\/en\/wp-json\/wp\/v2\/product_cat?post=5363"},{"taxonomy":"product_tag","embeddable":true,"href":"https:\/\/toreco.md\/en\/wp-json\/wp\/v2\/product_tag?post=5363"}],"curies":[{"name":"wp","href":"https:\/\/api.w.org\/{rel}","templated":true}]}}