{"id":5361,"date":"2021-06-10T17:03:10","date_gmt":"2021-06-10T14:03:10","guid":{"rendered":"https:\/\/toreco.md\/?post_type=product&#038;p=5361"},"modified":"2025-05-27T15:11:08","modified_gmt":"2025-05-27T12:11:08","slug":"lavanderia-s-06-degresant-detergent-profesional-tesaturi","status":"publish","type":"product","link":"https:\/\/toreco.md\/en\/product\/dupa-tip\/detergenti-si-dezinfectanti-profesionali\/textile\/lavanderia-s-06-degresant-detergent-profesional-tesaturi\/","title":{"rendered":"Lavanderia S-06, degreaser, professional fabric detergent"},"content":{"rendered":"<p>Cleans several types of organic, inorganic and mixed stains, for example cosmetics, beach and massage oils, creams of any type, traces of boot cream, etc.<br \/>\nThe automatic dosing system is the perfect method recommended by the manufacturer for efficiency and guaranteed quality.<br \/>\nIt can be used under certain conditions and manually.<br \/>\n\u00cen cazul \u00een care pe rufe se g\u0103sesc pete persistente din tipurile de murd\u0103rie enumerate mai sus, produc\u0103torul recomand\u0103 utilizarea acestui produs \u00een combina\u021bie cu Lavanderia IP &#8211; 10 Peracetic pentru \u00eendep\u0103rtarea definitiv\u0103 a petelor.\u200b<br \/>\nVolume: 20 kg<\/p>","protected":false},"excerpt":{"rendered":"<p>Degreasing Detergent was created specifically for professional cleaners and is recommended for removing difficult greasy dirt.<\/p>","protected":false},"featured_media":5633,"comment_status":"closed","ping_status":"closed","template":"","meta":[],"product_cat":[34,40,41,71,72],"product_tag":[169],"class_list":["post-5361","product","type-product","status-publish","has-post-thumbnail","hentry","product_cat-hotel","product_cat-restaurant-si-bucatarie","product_cat-servicii-de-curatenie","product_cat-detergenti-si-dezinfectanti-profesionali","product_cat-textile","product_tag-detergent","pa_brand-sanidet"],"_links":{"self":[{"href":"https:\/\/toreco.md\/en\/wp-json\/wp\/v2\/product\/5361","targetHints":{"allow":["GET"]}}],"collection":[{"href":"https:\/\/toreco.md\/en\/wp-json\/wp\/v2\/product"}],"about":[{"href":"https:\/\/toreco.md\/en\/wp-json\/wp\/v2\/types\/product"}],"replies":[{"embeddable":true,"href":"https:\/\/toreco.md\/en\/wp-json\/wp\/v2\/comments?post=5361"}],"wp:featuredmedia":[{"embeddable":true,"href":"https:\/\/toreco.md\/en\/wp-json\/wp\/v2\/media\/5633"}],"wp:attachment":[{"href":"https:\/\/toreco.md\/en\/wp-json\/wp\/v2\/media?parent=5361"}],"wp:term":[{"taxonomy":"product_cat","embeddable":true,"href":"https:\/\/toreco.md\/en\/wp-json\/wp\/v2\/product_cat?post=5361"},{"taxonomy":"product_tag","embeddable":true,"href":"https:\/\/toreco.md\/en\/wp-json\/wp\/v2\/product_tag?post=5361"}],"curies":[{"name":"wp","href":"https:\/\/api.w.org\/{rel}","templated":true}]}}