{"id":5355,"date":"2021-06-10T16:31:35","date_gmt":"2021-06-10T13:31:35","guid":{"rendered":"https:\/\/toreco.md\/?post_type=product&#038;p=5355"},"modified":"2025-05-27T15:10:39","modified_gmt":"2025-05-27T12:10:39","slug":"lavanderia-a-01-basic-detergent-alcalin-tesaturi","status":"publish","type":"product","link":"https:\/\/toreco.md\/en\/product\/dupa-tip\/detergenti-si-dezinfectanti-profesionali\/textile\/lavanderia-a-01-basic-detergent-alcalin-tesaturi\/","title":{"rendered":"Lavanderia A-01 Basic, alkaline detergent for fabrics"},"content":{"rendered":"<p>Liquid, concentrated, alkaline detergent is used to wash laundry, regardless of color or tissue.<br \/>\nIt does not affect the tissues. It is recommended to use it in combination with Lavanderia Clor at the washing stage of cotton, synthetic or mixed fabrics.<br \/>\nLaundry basic effectively removes inorganic stains, regardless of the type of fabric or their color.<br \/>\nBefore use it is recommended to read the labels attached to the fabrics to be washed. The detergent is used in cleaners, hotel industry, agri-food industry, textile industry, Ho.Re.Ca, hospitals etc.<br \/>\nVolume: 25kg<\/p>","protected":false},"excerpt":{"rendered":"<p>Detergentul lichid, concentrat, alcalin, este folosit pentru spalarea rufelor, indiferent de culoare sau \u021besut. Nu afecteaz\u0103 \u021bes\u0103turile. Se recomand\u0103 a fi utilizat \u00een combina\u021bie cu Lavanderia Clor la etapa de presp\u0103lare a \u021besuturilor din bumbac, sintetice sau mixte. Lavanderia Basic elimin\u0103 \u00een mod eficient petele anorganice, indiferent de tipul de \u021bes\u0103tur\u0103 sau de culoarea acestora. [&hellip;]<\/p>","protected":false},"featured_media":5638,"comment_status":"closed","ping_status":"closed","template":"","meta":[],"product_cat":[34,40,41,71,72],"product_tag":[169],"class_list":["post-5355","product","type-product","status-publish","has-post-thumbnail","hentry","product_cat-hotel","product_cat-restaurant-si-bucatarie","product_cat-servicii-de-curatenie","product_cat-detergenti-si-dezinfectanti-profesionali","product_cat-textile","product_tag-detergent","pa_brand-sanidet"],"_links":{"self":[{"href":"https:\/\/toreco.md\/en\/wp-json\/wp\/v2\/product\/5355","targetHints":{"allow":["GET"]}}],"collection":[{"href":"https:\/\/toreco.md\/en\/wp-json\/wp\/v2\/product"}],"about":[{"href":"https:\/\/toreco.md\/en\/wp-json\/wp\/v2\/types\/product"}],"replies":[{"embeddable":true,"href":"https:\/\/toreco.md\/en\/wp-json\/wp\/v2\/comments?post=5355"}],"wp:featuredmedia":[{"embeddable":true,"href":"https:\/\/toreco.md\/en\/wp-json\/wp\/v2\/media\/5638"}],"wp:attachment":[{"href":"https:\/\/toreco.md\/en\/wp-json\/wp\/v2\/media?parent=5355"}],"wp:term":[{"taxonomy":"product_cat","embeddable":true,"href":"https:\/\/toreco.md\/en\/wp-json\/wp\/v2\/product_cat?post=5355"},{"taxonomy":"product_tag","embeddable":true,"href":"https:\/\/toreco.md\/en\/wp-json\/wp\/v2\/product_tag?post=5355"}],"curies":[{"name":"wp","href":"https:\/\/api.w.org\/{rel}","templated":true}]}}