{"id":5109,"date":"2021-06-09T10:09:16","date_gmt":"2021-06-09T07:09:16","guid":{"rendered":"https:\/\/toreco.md\/?post_type=product&#038;p=5109"},"modified":"2026-01-15T13:16:30","modified_gmt":"2026-01-15T11:16:30","slug":"lingurita-biodegradabila","status":"publish","type":"product","link":"https:\/\/toreco.md\/en\/product\/dupa-domeniul-de-activitate\/hotel\/lingurita-biodegradabila\/","title":{"rendered":"Biodegradable spoon"},"content":{"rendered":"<p>The disposable spoon is made of CPLA, a heat-resistant and stable material derived from cornstarch.<br \/>\n100% compostable.very robust and break-resistant.<br \/>\nThe disposable spoon is completely biodegradable and food-safe.<br \/>\nLength: 16,5 cm<br \/>\nNumber of pieces: 50<\/p>","protected":false},"excerpt":{"rendered":"<p>Lingura de unic\u0103 folosin\u021b\u0103 este fabricat\u0103 din CPLA, un material rezistent la c\u0103ldur\u0103 \u0219i stabil derivat din amidon de porumb. 100% compostabil, foarte robust \u0219i rezistent la rupere. Este complet biodegradabil \u0219i sigur pentru alimente. Lungime: 16,5cm Num\u0103r buc\u0103\u021bi set: 50<\/p>","protected":false},"featured_media":5110,"comment_status":"closed","ping_status":"closed","template":"","meta":[],"product_cat":[34,44,43,40,46],"product_tag":[168],"class_list":["post-5109","product","type-product","status-publish","has-post-thumbnail","hentry","product_cat-hotel","product_cat-institutii-de-invatamint","product_cat-medicina","product_cat-restaurant-si-bucatarie","product_cat-sport-si-fitness","product_tag-biodegradabil","pa_brand-naturestar"],"_links":{"self":[{"href":"https:\/\/toreco.md\/en\/wp-json\/wp\/v2\/product\/5109","targetHints":{"allow":["GET"]}}],"collection":[{"href":"https:\/\/toreco.md\/en\/wp-json\/wp\/v2\/product"}],"about":[{"href":"https:\/\/toreco.md\/en\/wp-json\/wp\/v2\/types\/product"}],"replies":[{"embeddable":true,"href":"https:\/\/toreco.md\/en\/wp-json\/wp\/v2\/comments?post=5109"}],"wp:featuredmedia":[{"embeddable":true,"href":"https:\/\/toreco.md\/en\/wp-json\/wp\/v2\/media\/5110"}],"wp:attachment":[{"href":"https:\/\/toreco.md\/en\/wp-json\/wp\/v2\/media?parent=5109"}],"wp:term":[{"taxonomy":"product_cat","embeddable":true,"href":"https:\/\/toreco.md\/en\/wp-json\/wp\/v2\/product_cat?post=5109"},{"taxonomy":"product_tag","embeddable":true,"href":"https:\/\/toreco.md\/en\/wp-json\/wp\/v2\/product_tag?post=5109"}],"curies":[{"name":"wp","href":"https:\/\/api.w.org\/{rel}","templated":true}]}}