{"id":5105,"date":"2021-06-09T09:58:16","date_gmt":"2021-06-09T06:58:16","guid":{"rendered":"https:\/\/toreco.md\/?post_type=product&#038;p=5105"},"modified":"2026-01-15T13:19:13","modified_gmt":"2026-01-15T11:19:13","slug":"furculita-biodegradabila","status":"publish","type":"product","link":"https:\/\/toreco.md\/en\/product\/dupa-domeniul-de-activitate\/hotel\/furculita-biodegradabila\/","title":{"rendered":"Biodegradable fork"},"content":{"rendered":"<p>The Naturestar Organic Fork is made of biodegradable organic plastic, known as CPLA.<br \/>\nCPLA sunt polilactide cristalizate (acizi lactici) \u0219i sunt fabricate din resurse 100% regenerabile &#8211; \u00een principal din amidon de porumb. Cristalizarea face tac\u00e2murile bio deosebit de stabile \u0219i rezistente la c\u0103ldur\u0103 p\u00e2n\u0103 la 90 \u00b0 C.<br \/>\nThe disposable fork is thus completely biodegradable and tasteless and food safe.<br \/>\nLength: 16,5 cm<br \/>\nNumber of pieces: 50<\/p>","protected":false},"excerpt":{"rendered":"<p>The Naturestar Organic Fork is made of biodegradable organic plastic, known as CPLA.<\/p>","protected":false},"featured_media":5106,"comment_status":"closed","ping_status":"closed","template":"","meta":[],"product_cat":[34,44,43,40,46],"product_tag":[168],"class_list":["post-5105","product","type-product","status-publish","has-post-thumbnail","hentry","product_cat-hotel","product_cat-institutii-de-invatamint","product_cat-medicina","product_cat-restaurant-si-bucatarie","product_cat-sport-si-fitness","product_tag-biodegradabil","pa_brand-naturestar"],"_links":{"self":[{"href":"https:\/\/toreco.md\/en\/wp-json\/wp\/v2\/product\/5105","targetHints":{"allow":["GET"]}}],"collection":[{"href":"https:\/\/toreco.md\/en\/wp-json\/wp\/v2\/product"}],"about":[{"href":"https:\/\/toreco.md\/en\/wp-json\/wp\/v2\/types\/product"}],"replies":[{"embeddable":true,"href":"https:\/\/toreco.md\/en\/wp-json\/wp\/v2\/comments?post=5105"}],"wp:featuredmedia":[{"embeddable":true,"href":"https:\/\/toreco.md\/en\/wp-json\/wp\/v2\/media\/5106"}],"wp:attachment":[{"href":"https:\/\/toreco.md\/en\/wp-json\/wp\/v2\/media?parent=5105"}],"wp:term":[{"taxonomy":"product_cat","embeddable":true,"href":"https:\/\/toreco.md\/en\/wp-json\/wp\/v2\/product_cat?post=5105"},{"taxonomy":"product_tag","embeddable":true,"href":"https:\/\/toreco.md\/en\/wp-json\/wp\/v2\/product_tag?post=5105"}],"curies":[{"name":"wp","href":"https:\/\/api.w.org\/{rel}","templated":true}]}}